{"id":655,"date":"2016-07-08T17:25:11","date_gmt":"2016-07-08T14:25:11","guid":{"rendered":"http:\/\/harjunlaulu.fi\/?page_id=655"},"modified":"2018-11-23T22:06:16","modified_gmt":"2018-11-23T20:06:16","slug":"lv1tilaus","status":"publish","type":"page","link":"https:\/\/harjunlaulu.fi\/?page_id=655","title":{"rendered":"Levytilaus"},"content":{"rendered":"<section id=\"builder-section-1467987881744\" class=\"builder-section builder-section-first builder-section-text builder-section-last builder-text-columns-1\">\n<div class=\"builder-section-content\">\n<div id=\"builder-section-1467987881744-column-1\" class=\"builder-text-column builder-text-column-1\">\n<div class=\"builder-text-content\">\n<div class=\"wpforms-container wpforms-container-full\" id=\"wpforms-1102\"><form id=\"wpforms-form-1102\" class=\"wpforms-validate wpforms-form\" data-formid=\"1102\" method=\"post\" enctype=\"multipart\/form-data\" action=\"\/index.php?rest_route=%2Fwp%2Fv2%2Fpages%2F655\" data-token=\"1f76072d50355176c66e905f73caca9c\" data-token-time=\"1777577512\"><noscript class=\"wpforms-error-noscript\">Please enable JavaScript in your browser to complete this form.<\/noscript><div class=\"wpforms-field-container\"><div id=\"wpforms-1102-field_2-container\" class=\"wpforms-field wpforms-field-radio wpforms-list-3-columns\" data-field-id=\"2\"><label class=\"wpforms-field-label\">Valitse levypaketti, voit valita vain yhden tuotteen.<\/label><ul id=\"wpforms-1102-field_2\" class=\"wpforms-image-choices wpforms-image-choices-classic\"><li class=\"choice-1 depth-1 wpforms-image-choices-item wpforms-selected\"><label class=\"wpforms-field-label-inline\" for=\"wpforms-1102-field_2_1\" tabindex=\"0\"><span class=\"wpforms-image-choices-image\"><img decoding=\"async\" src=\"https:\/\/harjunlaulu.fi\/wp-content\/uploads\/2024\/04\/LV1_CD-ja-sanavihko-scaled.jpg\" alt=\"Laulusta voimaa 1: Cd &amp; 1 sanavihko  20,00\u20ac + postikulut\" title=\"Laulusta voimaa 1: Cd &amp; 1 sanavihko  20,00\u20ac + postikulut\"><\/span><input type=\"radio\" id=\"wpforms-1102-field_2_1\" class=\"wpforms-screen-reader-element\" name=\"wpforms[fields][2]\" value=\"Laulusta voimaa 1: Cd &amp; 1 sanavihko  20,00\u20ac + postikulut\" tabindex=\"-1\"   checked='checked'><span class=\"wpforms-image-choices-label\">Laulusta voimaa 1: Cd &amp; 1 sanavihko  20,00\u20ac + postikulut<\/span><\/label><\/li><li class=\"choice-7 depth-1 wpforms-image-choices-item\"><label class=\"wpforms-field-label-inline\" for=\"wpforms-1102-field_2_7\" tabindex=\"0\"><span class=\"wpforms-image-choices-image\"><img decoding=\"async\" src=\"https:\/\/harjunlaulu.fi\/wp-content\/uploads\/2024\/04\/LV1_CD-ja-sanavihko-scaled.jpg\" alt=\"Laulusta voimaa 1: Cd &amp; 5 sanavihkoa 30,00\u20ac + postikulut\" title=\"Laulusta voimaa 1: Cd &amp; 5 sanavihkoa 30,00\u20ac + postikulut\"><\/span><input type=\"radio\" id=\"wpforms-1102-field_2_7\" class=\"wpforms-screen-reader-element\" name=\"wpforms[fields][2]\" value=\"Laulusta voimaa 1: Cd &amp; 5 sanavihkoa 30,00\u20ac + postikulut\" tabindex=\"-1\"  ><span class=\"wpforms-image-choices-label\">Laulusta voimaa 1: Cd &amp; 5 sanavihkoa 30,00\u20ac + postikulut<\/span><\/label><\/li><li class=\"choice-2 depth-1 wpforms-image-choices-item\"><label class=\"wpforms-field-label-inline\" for=\"wpforms-1102-field_2_2\" tabindex=\"0\"><span class=\"wpforms-image-choices-image\"><img decoding=\"async\" src=\"https:\/\/harjunlaulu.fi\/wp-content\/uploads\/2024\/04\/LV1_CD-ja-sanavihko-scaled.jpg\" alt=\"Laulusta voimaa 1: Cd &amp; 10 sanavihkoa  40,00\u20ac + postikulut\" title=\"Laulusta voimaa 1: Cd &amp; 10 sanavihkoa  40,00\u20ac + postikulut\"><\/span><input type=\"radio\" id=\"wpforms-1102-field_2_2\" class=\"wpforms-screen-reader-element\" name=\"wpforms[fields][2]\" value=\"Laulusta voimaa 1: Cd &amp; 10 sanavihkoa  40,00\u20ac + postikulut\" tabindex=\"-1\"  ><span class=\"wpforms-image-choices-label\">Laulusta voimaa 1: Cd &amp; 10 sanavihkoa  40,00\u20ac + postikulut<\/span><\/label><\/li><li class=\"choice-3 depth-1 wpforms-image-choices-item\"><label class=\"wpforms-field-label-inline\" for=\"wpforms-1102-field_2_3\" tabindex=\"0\"><span class=\"wpforms-image-choices-image\"><img decoding=\"async\" src=\"https:\/\/harjunlaulu.fi\/wp-content\/uploads\/2024\/04\/LV1_CD-ja-sanavihko-scaled.jpg\" alt=\"Laulusta voimaa 1: Cd &amp; 20 sanavihkoa 50,00\u20ac + postikulut\" title=\"Laulusta voimaa 1: Cd &amp; 20 sanavihkoa 50,00\u20ac + postikulut\"><\/span><input type=\"radio\" id=\"wpforms-1102-field_2_3\" class=\"wpforms-screen-reader-element\" name=\"wpforms[fields][2]\" value=\"Laulusta voimaa 1: Cd &amp; 20 sanavihkoa 50,00\u20ac + postikulut\" tabindex=\"-1\"  ><span class=\"wpforms-image-choices-label\">Laulusta voimaa 1: Cd &amp; 20 sanavihkoa 50,00\u20ac + postikulut<\/span><\/label><\/li><li class=\"choice-4 depth-1 wpforms-image-choices-item\"><label class=\"wpforms-field-label-inline\" for=\"wpforms-1102-field_2_4\" tabindex=\"0\"><span class=\"wpforms-image-choices-image\"><img decoding=\"async\" src=\"https:\/\/harjunlaulu.fi\/wp-content\/uploads\/2024\/04\/LV2_CD-ja-sanavihko-scaled.jpg\" alt=\"Laulusta voimaa 2:  Cd &amp; 1 sanavihko 20,00\u20ac + postikulut\" title=\"Laulusta voimaa 2:  Cd &amp; 1 sanavihko 20,00\u20ac + postikulut\"><\/span><input type=\"radio\" id=\"wpforms-1102-field_2_4\" class=\"wpforms-screen-reader-element\" name=\"wpforms[fields][2]\" value=\"Laulusta voimaa 2:  Cd &amp; 1 sanavihko 20,00\u20ac + postikulut\" tabindex=\"-1\"  ><span class=\"wpforms-image-choices-label\">Laulusta voimaa 2:  Cd &amp; 1 sanavihko 20,00\u20ac + postikulut<\/span><\/label><\/li><li class=\"choice-8 depth-1 wpforms-image-choices-item\"><label class=\"wpforms-field-label-inline\" for=\"wpforms-1102-field_2_8\" tabindex=\"0\"><span class=\"wpforms-image-choices-image\"><img decoding=\"async\" src=\"https:\/\/harjunlaulu.fi\/wp-content\/uploads\/2024\/04\/LV2_CD-ja-sanavihko-scaled.jpg\" alt=\"Laulusta voimaa 2:  Cd &amp; 5 sanavihkoa 30,00\u20ac + postikulut\" title=\"Laulusta voimaa 2:  Cd &amp; 5 sanavihkoa 30,00\u20ac + postikulut\"><\/span><input type=\"radio\" id=\"wpforms-1102-field_2_8\" class=\"wpforms-screen-reader-element\" name=\"wpforms[fields][2]\" value=\"Laulusta voimaa 2:  Cd &amp; 5 sanavihkoa 30,00\u20ac + postikulut\" tabindex=\"-1\"  ><span class=\"wpforms-image-choices-label\">Laulusta voimaa 2:  Cd &amp; 5 sanavihkoa 30,00\u20ac + postikulut<\/span><\/label><\/li><li class=\"choice-5 depth-1 wpforms-image-choices-item\"><label class=\"wpforms-field-label-inline\" for=\"wpforms-1102-field_2_5\" tabindex=\"0\"><span class=\"wpforms-image-choices-image\"><img decoding=\"async\" src=\"https:\/\/harjunlaulu.fi\/wp-content\/uploads\/2024\/04\/LV2_CD-ja-sanavihko-scaled.jpg\" alt=\"Laulusta voimaa 2: Cd &amp; 10 sanavihkoa  40,00\u20ac +postikulut\" title=\"Laulusta voimaa 2: Cd &amp; 10 sanavihkoa  40,00\u20ac +postikulut\"><\/span><input type=\"radio\" id=\"wpforms-1102-field_2_5\" class=\"wpforms-screen-reader-element\" name=\"wpforms[fields][2]\" value=\"Laulusta voimaa 2: Cd &amp; 10 sanavihkoa  40,00\u20ac +postikulut\" tabindex=\"-1\"  ><span class=\"wpforms-image-choices-label\">Laulusta voimaa 2: Cd &amp; 10 sanavihkoa  40,00\u20ac +postikulut<\/span><\/label><\/li><li class=\"choice-6 depth-1 wpforms-image-choices-item\"><label class=\"wpforms-field-label-inline\" for=\"wpforms-1102-field_2_6\" tabindex=\"0\"><span class=\"wpforms-image-choices-image\"><img decoding=\"async\" src=\"https:\/\/harjunlaulu.fi\/wp-content\/uploads\/2024\/04\/LV2_CD-ja-sanavihko-scaled.jpg\" alt=\"Laulusta voimaa 2: Cd &amp; 20 sanavihkoa 50,00\u20ac + postikulut\" title=\"Laulusta voimaa 2: Cd &amp; 20 sanavihkoa 50,00\u20ac + postikulut\"><\/span><input type=\"radio\" id=\"wpforms-1102-field_2_6\" class=\"wpforms-screen-reader-element\" name=\"wpforms[fields][2]\" value=\"Laulusta voimaa 2: Cd &amp; 20 sanavihkoa 50,00\u20ac + postikulut\" tabindex=\"-1\"  ><span class=\"wpforms-image-choices-label\">Laulusta voimaa 2: Cd &amp; 20 sanavihkoa 50,00\u20ac + postikulut<\/span><\/label><\/li><\/ul><\/div><div id=\"wpforms-1102-field_5-container\" class=\"wpforms-field wpforms-field-name\" data-field-id=\"5\"><label class=\"wpforms-field-label\" for=\"wpforms-1102-field_5\">Etunimi Sukunimi <span class=\"wpforms-required-label\">*<\/span><\/label><input type=\"text\" id=\"wpforms-1102-field_5\" class=\"wpforms-field-medium wpforms-field-required\" name=\"wpforms[fields][5]\" required><\/div><div id=\"wpforms-1102-field_15-container\" class=\"wpforms-field wpforms-field-text\" data-field-id=\"15\"><label class=\"wpforms-field-label\" for=\"wpforms-1102-field_15\">Postiosoite <span class=\"wpforms-required-label\">*<\/span><\/label><input type=\"text\" id=\"wpforms-1102-field_15\" class=\"wpforms-field-medium wpforms-field-required\" name=\"wpforms[fields][15]\" required><\/div><div id=\"wpforms-1102-field_19-container\" class=\"wpforms-field wpforms-field-text\" data-field-id=\"19\"><label class=\"wpforms-field-label\" for=\"wpforms-1102-field_19\">Postinumero <span class=\"wpforms-required-label\">*<\/span><\/label><input type=\"text\" id=\"wpforms-1102-field_19\" class=\"wpforms-field-medium wpforms-field-required\" name=\"wpforms[fields][19]\" required><\/div><div id=\"wpforms-1102-field_16-container\" class=\"wpforms-field wpforms-field-text\" data-field-id=\"16\"><label class=\"wpforms-field-label\" for=\"wpforms-1102-field_16\">Postitoimipaikka <span class=\"wpforms-required-label\">*<\/span><\/label><input type=\"text\" id=\"wpforms-1102-field_16\" class=\"wpforms-field-medium wpforms-field-required\" name=\"wpforms[fields][16]\" required><\/div><div id=\"wpforms-1102-field_10-container\" class=\"wpforms-field wpforms-field-email\" data-field-id=\"10\"><label class=\"wpforms-field-label\" for=\"wpforms-1102-field_10\">S\u00e4hk\u00f6postiosoite <span class=\"wpforms-required-label\">*<\/span><\/label><input type=\"email\" id=\"wpforms-1102-field_10\" class=\"wpforms-field-medium wpforms-field-required\" name=\"wpforms[fields][10]\" spellcheck=\"false\" required><\/div><div id=\"wpforms-1102-field_20-container\" class=\"wpforms-field wpforms-field-number\" data-field-id=\"20\"><label class=\"wpforms-field-label\" for=\"wpforms-1102-field_20\">Puhelinnumero, johon tekstiviesti-ilmoitus postiin tulleesta paketista l\u00e4hetet\u00e4\u00e4n. <span class=\"wpforms-required-label\">*<\/span><\/label><input type=\"number\" id=\"wpforms-1102-field_20\" class=\"wpforms-field-medium wpforms-field-required\" name=\"wpforms[fields][20]\" step=\"any\" required><\/div><div id=\"wpforms-1102-field_18-container\" class=\"wpforms-field wpforms-field-text\" data-field-id=\"18\"><label class=\"wpforms-field-label\" for=\"wpforms-1102-field_18\">Jos laskutusosoite on eri kuin postitusosoite, laita t\u00e4h\u00e4n kentt\u00e4\u00e4n laskutusosoite.<\/label><input type=\"text\" id=\"wpforms-1102-field_18\" class=\"wpforms-field-medium\" name=\"wpforms[fields][18]\" ><\/div><\/div><!-- .wpforms-field-container --><div class=\"wpforms-submit-container\" ><input type=\"hidden\" name=\"wpforms[id]\" value=\"1102\"><input type=\"hidden\" name=\"page_title\" value=\"\"><input type=\"hidden\" name=\"page_url\" value=\"https:\/\/harjunlaulu.fi\/index.php?rest_route=\/wp\/v2\/pages\/655\"><input type=\"hidden\" name=\"url_referer\" value=\"\"><button type=\"submit\" name=\"wpforms[submit]\" id=\"wpforms-submit-1102\" class=\"wpforms-submit\" data-alt-text=\"Kiitos tilauksesta, tilaus on otettu vastaan\" data-submit-text=\"L\u00e4het\u00e4 tilaus\" aria-live=\"assertive\" value=\"wpforms-submit\">L\u00e4het\u00e4 tilaus<\/button><\/div><\/form><\/div>  <!-- .wpforms-container -->\n<p>&nbsp;<\/p>\n<p>&nbsp;<\/p>\n<\/div>\n<\/div>\n<\/div>\n<\/section>\n","protected":false},"excerpt":{"rendered":"<p>&nbsp; &nbsp;<\/p>\n","protected":false},"author":1,"featured_media":0,"parent":0,"menu_order":0,"comment_status":"closed","ping_status":"closed","template":"","meta":{"footnotes":""},"class_list":["post-655","page","type-page","status-publish","hentry"],"_links":{"self":[{"href":"https:\/\/harjunlaulu.fi\/index.php?rest_route=\/wp\/v2\/pages\/655","targetHints":{"allow":["GET"]}}],"collection":[{"href":"https:\/\/harjunlaulu.fi\/index.php?rest_route=\/wp\/v2\/pages"}],"about":[{"href":"https:\/\/harjunlaulu.fi\/index.php?rest_route=\/wp\/v2\/types\/page"}],"author":[{"embeddable":true,"href":"https:\/\/harjunlaulu.fi\/index.php?rest_route=\/wp\/v2\/users\/1"}],"replies":[{"embeddable":true,"href":"https:\/\/harjunlaulu.fi\/index.php?rest_route=%2Fwp%2Fv2%2Fcomments&post=655"}],"version-history":[{"count":5,"href":"https:\/\/harjunlaulu.fi\/index.php?rest_route=\/wp\/v2\/pages\/655\/revisions"}],"predecessor-version":[{"id":1106,"href":"https:\/\/harjunlaulu.fi\/index.php?rest_route=\/wp\/v2\/pages\/655\/revisions\/1106"}],"wp:attachment":[{"href":"https:\/\/harjunlaulu.fi\/index.php?rest_route=%2Fwp%2Fv2%2Fmedia&parent=655"}],"curies":[{"name":"wp","href":"https:\/\/api.w.org\/{rel}","templated":true}]}}