{"id":577,"date":"2016-05-31T13:23:58","date_gmt":"2016-05-31T10:23:58","guid":{"rendered":"http:\/\/harjunlaulu.fi\/?page_id=577"},"modified":"2024-03-24T13:03:47","modified_gmt":"2024-03-24T11:03:47","slug":"uusi-yhteislaulu-cd-2","status":"publish","type":"page","link":"https:\/\/harjunlaulu.fi\/?page_id=577","title":{"rendered":"Laulusta voimaa 2"},"content":{"rendered":"<section id=\"builder-section-1464690009587\" class=\"builder-section builder-section-first builder-section-text builder-section-last builder-text-columns-3\">\n<div class=\"builder-section-content\">\n<div id=\"builder-section-1464690009587-column-1\" class=\"builder-text-column builder-text-column-1\">\n<div class=\"builder-text-content\">\n<h3><strong><a href=\"http:\/\/harjunlaulu.fi\/wp-content\/uploads\/2014\/12\/Untitled.png\"><img loading=\"lazy\" decoding=\"async\" class=\"alignright wp-image-569\" src=\"http:\/\/harjunlaulu.fi\/wp-content\/uploads\/2014\/12\/Untitled.png\" alt=\"\" width=\"300\" height=\"421\" \/><\/a>Jatkoa seurasi<br \/>\n<\/strong><\/h3>\n<p>Harjun Laulun Laulusta Voimaa CD 2, s\u00e4est\u00e4jin\u00e4 Visa Wir\u00e9n, harmonikka, Ilpo Vuorenoja, kitara ja Eero Vuorinen, piano.<\/p>\n<p>Levyll\u00e4 on mukana iskelmi\u00e4, valsseja ja tangoja sek\u00e4 tuttuja kansanlauluja ja laulelmia menneilt\u00e4 vuosikymmenilt\u00e4 \u2013 lauluja el\u00e4m\u00e4n kirjon eri puolilta.<\/p>\n<p>CD:n hinta on 20.00 ja siihen sis\u00e4ltyy sanavihko. Sanavihkoja voi tilata lis\u00e4\u00e4 isommallekin porukalle hintaan 2 \u20ac\/kpl.<\/p>\n<\/div>\n<\/div>\n<\/div>\n<p>Kuuntele n\u00e4ytteet<\/p>\n<div class=\"builder-section-content\">\n<div id=\"builder-section-1464690009587-column-1\" class=\"builder-text-column builder-text-column-1\">\n<div id=\"mp3jWrap_0\" class=\"mjp-s-wrapper s-graphic unsel-mjp \" style=\"font-size:18px;\"><span id=\"playpause_wrap_mp3j_0\" class=\"wrap_inline_mp3j\" style=\"font-weight:700;\"><span class=\"gfxbutton_mp3j play-mjp\" id=\"playpause_mp3j_0\" style=\"font-size:18px;\">&nbsp;&nbsp;&nbsp;&nbsp;&nbsp;<\/span>&nbsp;<span class=\"group_wrap\"><span class=\"bars_mp3j\"><span class=\"loadB_mp3j\" id=\"load_mp3j_0\"><\/span><span class=\"posbarB_mp3j\" id=\"posbar_mp3j_0\"><\/span><\/span><span class=\"T_mp3j\" id=\"T_mp3j_0\" style=\"font-size:18px;\">Aamu Airistolla<\/span><span class=\"indi_mp3j\" style=\"font-size:12.6px;\" id=\"statusMI_0\"><\/span><\/span><\/span><\/div><span class=\"s-nosolution\" id=\"mp3j_nosolution_0\" style=\"display:none;\"><\/span><script>\nMP3jPLAYLISTS.inline_0 = [\n\t{ name: \"Aamu Airistolla\", formats: [\"mp3\"], mp3: \"aHR0cDovL2hhcmp1bmxhdWx1LmZpL3dwLWNvbnRlbnQvbGV2eWRlbW8vQWFtdSBBaXJpc3RvbGxhLm1wMw==\", counterpart:\"\", artist: \"\", image: \"\", imgurl: \"\" }\n];\n<\/script>\n\n<script>MP3jPLAYERS[0] = { list: MP3jPLAYLISTS.inline_0, tr:0, type:'single', lstate:'', loop:false, play_txt:'&nbsp;&nbsp;&nbsp;&nbsp;&nbsp;', pause_txt:'&nbsp;&nbsp;&nbsp;&nbsp;&nbsp;', pp_title:'', autoplay:false, download:false, vol:100, height:'' };<\/script>\n<div id=\"mp3jWrap_1\" class=\"mjp-s-wrapper s-graphic unsel-mjp \" style=\"font-size:18px;\"><span id=\"playpause_wrap_mp3j_1\" class=\"wrap_inline_mp3j\" style=\"font-weight:700;\"><span class=\"gfxbutton_mp3j play-mjp\" id=\"playpause_mp3j_1\" style=\"font-size:18px;\">&nbsp;&nbsp;&nbsp;&nbsp;&nbsp;<\/span>&nbsp;<span class=\"group_wrap\"><span class=\"bars_mp3j\"><span class=\"loadB_mp3j\" id=\"load_mp3j_1\"><\/span><span class=\"posbarB_mp3j\" id=\"posbar_mp3j_1\"><\/span><\/span><span class=\"T_mp3j\" id=\"T_mp3j_1\" style=\"font-size:18px;\">Kotimaani ompi Suomi<\/span><span class=\"indi_mp3j\" style=\"font-size:12.6px;\" id=\"statusMI_1\"><\/span><\/span><\/span><\/div><span class=\"s-nosolution\" id=\"mp3j_nosolution_1\" style=\"display:none;\"><\/span><script>\nMP3jPLAYLISTS.inline_1 = [\n\t{ name: \"Kotimaani ompi Suomi\", formats: [\"mp3\"], mp3: \"aHR0cDovL2hhcmp1bmxhdWx1LmZpL3dwLWNvbnRlbnQvbGV2eWRlbW8vS290aW1hYW5pIG9tcGkgU3VvbWkubXAz\", counterpart:\"\", artist: \"\", image: \"\", imgurl: \"\" }\n];\n<\/script>\n\n<script>MP3jPLAYERS[1] = { list: MP3jPLAYLISTS.inline_1, tr:0, type:'single', lstate:'', loop:false, play_txt:'&nbsp;&nbsp;&nbsp;&nbsp;&nbsp;', pause_txt:'&nbsp;&nbsp;&nbsp;&nbsp;&nbsp;', pp_title:'', autoplay:false, download:false, vol:100, height:'' };<\/script>\n<div id=\"mp3jWrap_2\" class=\"mjp-s-wrapper s-graphic unsel-mjp \" style=\"font-size:18px;\"><span id=\"playpause_wrap_mp3j_2\" class=\"wrap_inline_mp3j\" style=\"font-weight:700;\"><span class=\"gfxbutton_mp3j play-mjp\" id=\"playpause_mp3j_2\" style=\"font-size:18px;\">&nbsp;&nbsp;&nbsp;&nbsp;&nbsp;<\/span>&nbsp;<span class=\"group_wrap\"><span class=\"bars_mp3j\"><span class=\"loadB_mp3j\" id=\"load_mp3j_2\"><\/span><span class=\"posbarB_mp3j\" id=\"posbar_mp3j_2\"><\/span><\/span><span class=\"T_mp3j\" id=\"T_mp3j_2\" style=\"font-size:18px;\">Yst\u00e4v\u00e4n laulu<\/span><span class=\"indi_mp3j\" style=\"font-size:12.6px;\" id=\"statusMI_2\"><\/span><\/span><\/span><\/div><span class=\"s-nosolution\" id=\"mp3j_nosolution_2\" style=\"display:none;\"><\/span><script>\nMP3jPLAYLISTS.inline_2 = [\n\t{ name: \"Yst\u00e4v\u00e4n laulu\", formats: [\"mp3\"], mp3: \"aHR0cDovL2hhcmp1bmxhdWx1LmZpL3dwLWNvbnRlbnQvbGV2eWRlbW8vWXN0w6R2w6RuIGxhdWx1Lm1wMw==\", counterpart:\"\", artist: \"\", image: \"\", imgurl: \"\" }\n];\n<\/script>\n\n<script>MP3jPLAYERS[2] = { list: MP3jPLAYLISTS.inline_2, tr:0, type:'single', lstate:'', loop:false, play_txt:'&nbsp;&nbsp;&nbsp;&nbsp;&nbsp;', pause_txt:'&nbsp;&nbsp;&nbsp;&nbsp;&nbsp;', pp_title:'', autoplay:false, download:false, vol:100, height:'' };<\/script>\n<\/div>\n<div id=\"builder-section-1464690009587-column-1\" class=\"builder-text-column builder-text-column-1\">\n<div class=\"builder-text-content\">\n<h3>Sis\u00e4lt\u00e4\u00e4 seuraavat 31 kappaletta:<\/h3>\n<p>Aamu Airistolla<br \/>\nAnttilan kev\u00e4thuumaus<br \/>\nFinlandia<br \/>\nJos sais kerran reissullansa<br \/>\nJuokse sin\u00e4 humma<br \/>\nKalastaja-Eemelin valssi<br \/>\nKis\u00e4llit kes\u00e4ll\u00e4<br \/>\nKotimaani ompi Suomi<br \/>\nKulkurin valssi<br \/>\nLapin tango<br \/>\nLeivo<br \/>\nLinjuripolkka<br \/>\nMets\u00e4kukkia<br \/>\nMets\u00e4miehen laulu<br \/>\nMinun kultani kaunis on<br \/>\nMiss\u2019 soutaen tuulessa<br \/>\nMuurari<br \/>\nNikkelimarkka<br \/>\nOn armas mulle aallon tie<br \/>\nPuhelinlangat laulaa<br \/>\nReppu ja reissumies<br \/>\nSaarenmaan valssi<br \/>\nSoi kunniaksi Luojan<br \/>\nSuklaasyd\u00e4n<br \/>\nTango merell\u00e4<br \/>\nTiikerihai<br \/>\nToivioretkell\u00e4<br \/>\nTuoksuvat tuomien<br \/>\nVanhan ver\u00e4j\u00e4n luona<br \/>\nVesivehmaan jenkka<br \/>\nYst\u00e4v\u00e4n laulu<\/p>\n<\/div>\n<\/div>\n<div id=\"builder-section-1464690009587-column-3\" class=\"builder-text-column builder-text-column-3\">\n<div class=\"builder-text-content\">\n<h3><\/h3>\n<h3>Tilaukset<\/h3>\n<p style=\"margin: 0cm; margin-bottom: .0001pt;\">CD:n hinta on 20.00 ja siihen sis\u00e4ltyy sanavihko.<\/p>\n<p style=\"margin: 0cm; margin-bottom: .0001pt;\">Pakettihinnat:<br \/>\n1 cd + 5 sanavihkoa: \u00a0 30,00<br \/>\n1 cd + 10 vihkoa:\u00a0\u00a0\u00a0\u00a0\u00a0\u00a0\u00a0\u00a0 40,00<br \/>\n1 cd + 20 vihkoa: \u00a0 \u00a0 \u00a0 \u00a0 50,00<\/p>\n<p><a href=\"http:\/\/harjunlaulu.fi\/?page_id=655\"><span style=\"color: #ff0000;\">T\u00e4st\u00e4 voit tilata levyn tai paketteja.<\/span><\/a><br \/>\nJos haluat toisenlaisia paketteja tai lis\u00e4tietoa levyst\u00e4 ota yhteytt\u00e4 s-postitse: <a href=\"mailto:laulustavoimaa2@gmail.com\">laulustavoimaa2@gmail.com<\/a>tai puhelimitse: 046\u00a0549 7473<\/p>\n<p style=\"margin: 0cm; margin-bottom: .0001pt;\"><span style=\"font-size: 14.0pt; font-family: 'Helvetica',sans-serif;\">\u00a0<\/span><\/p>\n<p style=\"margin: 0cm; margin-bottom: .0001pt;\"><span style=\"font-size: 14.0pt; font-family: 'Helvetica',sans-serif;\">Lis\u00e4\u00e4 tietoa levyst\u00e4 ja n\u00e4ytteit\u00e4 lauluista on tulossa t\u00e4lle sivulle l\u00e4hiaikoina, seuraa siis sivuamme!<\/span><\/p>\n<h3><\/h3>\n<h3 style=\"margin: 0cm; margin-bottom: .0001pt;\">Miksi kannattaa laulaa?<\/h3>\n<p>Laulu virkist\u00e4\u00e4 ja antaa uusia voimia raskaankin ty\u00f6p\u00e4iv\u00e4n j\u00e4lkeen.<\/p>\n<p>Tiedotusv\u00e4lineet ja lehdist\u00f6 ovat viime vuosina kertoneet laulun voimaannuttavasta vaikutuksesta. Ryhdyimme seuraamaan lehtikirjoitteluja ja hakemaan tieteellisi\u00e4 tutkimustuloksia asiasta.<\/p>\n<p>Olemme l\u00f6yt\u00e4neet runsaasti tutkimustuloksia, joissa on selke\u00e4\u00e4 n\u00e4ytt\u00f6\u00e4 siit\u00e4, miten laulaminen vaikuttaa positiivisesti, tervehdytt\u00e4v\u00e4sti, muistia virkist\u00e4v\u00e4sti ja oppimista edist\u00e4v\u00e4sti. Laulaminen tuo iloa, liennytt\u00e4\u00e4 surua, palauttaa muistoja ja virkist\u00e4\u00e4. Laulu luo yhteisi\u00e4 kokemuksia. Yhteislaulutilaisuudet ovat olleet suosittuja kaikkialla.<\/p>\n<\/div>\n<\/div>\n<\/div>\n<\/section>\n","protected":false},"excerpt":{"rendered":"<p>Jatkoa seurasi Harjun Laulun Laulusta Voimaa CD 2, s\u00e4est\u00e4jin\u00e4 Visa Wir\u00e9n, harmonikka, Ilpo Vuorenoja, kitara ja Eero Vuorinen, piano. Levyll\u00e4 on mukana iskelmi\u00e4, valsseja ja tangoja sek\u00e4 tuttuja kansanlauluja ja laulelmia menneilt\u00e4 vuosikymmenilt\u00e4 \u2013 lauluja el\u00e4m\u00e4n kirjon eri puolilta. CD:n &hellip; <a href=\"https:\/\/harjunlaulu.fi\/?page_id=577\">Lue loppuun <span class=\"meta-nav\">&rarr;<\/span><\/a><\/p>\n","protected":false},"author":1,"featured_media":0,"parent":0,"menu_order":20,"comment_status":"closed","ping_status":"closed","template":"","meta":{"footnotes":""},"class_list":["post-577","page","type-page","status-publish","hentry"],"_links":{"self":[{"href":"https:\/\/harjunlaulu.fi\/index.php?rest_route=\/wp\/v2\/pages\/577","targetHints":{"allow":["GET"]}}],"collection":[{"href":"https:\/\/harjunlaulu.fi\/index.php?rest_route=\/wp\/v2\/pages"}],"about":[{"href":"https:\/\/harjunlaulu.fi\/index.php?rest_route=\/wp\/v2\/types\/page"}],"author":[{"embeddable":true,"href":"https:\/\/harjunlaulu.fi\/index.php?rest_route=\/wp\/v2\/users\/1"}],"replies":[{"embeddable":true,"href":"https:\/\/harjunlaulu.fi\/index.php?rest_route=%2Fwp%2Fv2%2Fcomments&post=577"}],"version-history":[{"count":36,"href":"https:\/\/harjunlaulu.fi\/index.php?rest_route=\/wp\/v2\/pages\/577\/revisions"}],"predecessor-version":[{"id":1879,"href":"https:\/\/harjunlaulu.fi\/index.php?rest_route=\/wp\/v2\/pages\/577\/revisions\/1879"}],"wp:attachment":[{"href":"https:\/\/harjunlaulu.fi\/index.php?rest_route=%2Fwp%2Fv2%2Fmedia&parent=577"}],"curies":[{"name":"wp","href":"https:\/\/api.w.org\/{rel}","templated":true}]}}