{"id":463,"date":"2015-10-18T13:22:04","date_gmt":"2015-10-18T10:22:04","guid":{"rendered":"http:\/\/harjunlaulu.fi\/?page_id=463"},"modified":"2019-04-07T11:58:46","modified_gmt":"2019-04-07T08:58:46","slug":"toiminta","status":"publish","type":"page","link":"https:\/\/harjunlaulu.fi\/?page_id=463","title":{"rendered":"Toiminta"},"content":{"rendered":"<section id=\"builder-section-1445163656603\" class=\"builder-section builder-section-first builder-section-text builder-section-last builder-text-columns-1\" style=\"\">\n<div class=\"builder-section-content\">\n<div class=\"builder-text-row\">\n<div class=\"builder-text-column builder-text-column-1\" id=\"builder-section-1445163656603-column-1\">\n<div class=\"builder-text-content\">\n<p><img loading=\"lazy\" decoding=\"async\" src=\"http:\/\/harjunlaulu.fi\/wp-content\/uploads\/2015\/10\/pomot.jpg\" width=\"1024\" height=\"288\" class=\"alignnone size-full wp-image-464\" srcset=\"https:\/\/harjunlaulu.fi\/wp-content\/uploads\/2015\/10\/pomot.jpg 1024w, https:\/\/harjunlaulu.fi\/wp-content\/uploads\/2015\/10\/pomot-300x84.jpg 300w\" sizes=\"auto, (max-width: 1024px) 100vw, 1024px\" \/><\/p>\n<h5>Harjoitukset<\/h5>\n<p>Kuoro harjoittelee torstaisin klo 18\u201321 Mankolan koulussa, Saarij\u00e4rventie 21.<\/p>\n<h5>Konsertit ja esiintymiset<\/h5>\n<p>Joulu- ja kev\u00e4tkonsertit ovat jatkuneet s\u00e4\u00e4nn\u00f6llisesti jo vuosia. Kuoro esiintyy yksin ja yhdess\u00e4 muiden kuorojen kanssa. Sulasolin laulujuhlat ja monet paikalliset ja valtakunnalliset tapahtumat kuuluvat perinteeseen.<\/p>\n<h5>Matkat<img loading=\"lazy\" decoding=\"async\" class=\" wp-image-136 alignright\" src=\"http:\/\/harjunlaulu.fi\/wp-content\/uploads\/2013\/04\/MG_7791-1024x749.jpg\" alt=\"_MG_7791\" width=\"413\" height=\"302\" \/><\/h5>\n<p>Kuoro matkustaa noin joka kolmas vuosi ulkomaille konsertoimaan ja esiintym\u00e4\u00e4n festivaaleilla. Vuonna 2010 laulu raikui Espanjassa ja syksyll\u00e4 2013 Lago di Garda Music Festivalilla Italiassa.  Syksyll\u00e4 2016 kuoro esiintyi kutsuttuna kuorona Kiinassa Shanghain Jiao Tong -yliopistossa. Kes\u00e4ll\u00e4 2017 kuoro teki vastavierailun Musikverein Lenzburgin luokse Sveitsiin. Suomalaisten yst\u00e4vyyskuorojen kanssa konsertoidaan s\u00e4\u00e4nn\u00f6llisesti eri puolilla maata.<\/p>\n<h5>Ei niin pient\u00e4 keikkaa, ettei karonkkaa.<\/h5>\n<p>Syksyn uurastuksen j\u00e4lkeen pikkujoulut j\u00e4rjest\u00e4\u00e4 kukin stemma vuorollaan. Kev\u00e4tkaronkkaan kuuluu savusauna ja talviturkin pois heitt\u00e4minen suomalaiseen tapaan.<\/p>\n<h5>Laulamaan!<\/h5>\n<p>Harjun Laulu toivottaa uudet laulajat tervetulleiksi syksyisin ja vuoden alussa. Tervetuloa tutustumaan. Kuoronjohtaja kuuntelee laulajan \u00e4\u00e4nialan.<\/p>\n<\/p><\/div>\n<\/p><\/div>\n<\/p><\/div>\n<\/p><\/div>\n<\/section>\n","protected":false},"excerpt":{"rendered":"<p>Harjoitukset Kuoro harjoittelee torstaisin klo 18\u201321 Mankolan koulussa, Saarij\u00e4rventie 21. Konsertit ja esiintymiset Joulu- ja kev\u00e4tkonsertit ovat jatkuneet s\u00e4\u00e4nn\u00f6llisesti jo vuosia. Kuoro esiintyy yksin ja yhdess\u00e4 muiden kuorojen kanssa. Sulasolin laulujuhlat ja monet paikalliset ja valtakunnalliset tapahtumat kuuluvat perinteeseen. Matkat &hellip; <a href=\"https:\/\/harjunlaulu.fi\/?page_id=463\">Lue loppuun <span class=\"meta-nav\">&rarr;<\/span><\/a><\/p>\n","protected":false},"author":1,"featured_media":0,"parent":0,"menu_order":3,"comment_status":"closed","ping_status":"closed","template":"","meta":{"footnotes":""},"class_list":["post-463","page","type-page","status-publish","hentry"],"_links":{"self":[{"href":"https:\/\/harjunlaulu.fi\/index.php?rest_route=\/wp\/v2\/pages\/463","targetHints":{"allow":["GET"]}}],"collection":[{"href":"https:\/\/harjunlaulu.fi\/index.php?rest_route=\/wp\/v2\/pages"}],"about":[{"href":"https:\/\/harjunlaulu.fi\/index.php?rest_route=\/wp\/v2\/types\/page"}],"author":[{"embeddable":true,"href":"https:\/\/harjunlaulu.fi\/index.php?rest_route=\/wp\/v2\/users\/1"}],"replies":[{"embeddable":true,"href":"https:\/\/harjunlaulu.fi\/index.php?rest_route=%2Fwp%2Fv2%2Fcomments&post=463"}],"version-history":[{"count":5,"href":"https:\/\/harjunlaulu.fi\/index.php?rest_route=\/wp\/v2\/pages\/463\/revisions"}],"predecessor-version":[{"id":1160,"href":"https:\/\/harjunlaulu.fi\/index.php?rest_route=\/wp\/v2\/pages\/463\/revisions\/1160"}],"wp:attachment":[{"href":"https:\/\/harjunlaulu.fi\/index.php?rest_route=%2Fwp%2Fv2%2Fmedia&parent=463"}],"curies":[{"name":"wp","href":"https:\/\/api.w.org\/{rel}","templated":true}]}}