{"id":245,"date":"2014-12-15T11:18:57","date_gmt":"2014-12-15T09:18:57","guid":{"rendered":"http:\/\/harjunlaulu.fi\/?page_id=245"},"modified":"2025-04-01T16:18:59","modified_gmt":"2025-04-01T13:18:59","slug":"historia-2","status":"publish","type":"page","link":"https:\/\/harjunlaulu.fi\/?page_id=245","title":{"rendered":"Historiaa"},"content":{"rendered":"<section id=\"builder-section-1418635034500\" class=\"builder-section builder-section-first builder-section-text builder-section-last builder-text-columns-1\">\n<div class=\"builder-section-content\">\n<div id=\"builder-section-1418635034500-column-1\" class=\"builder-text-column builder-text-column-1\">\n<div class=\"builder-text-content\">\n<p class=\"western\"><span style=\"font-family: Arial, serif;\">Vuonna 1945 aloittanut Harjun Laulu (aik. Jyv\u00e4skyl\u00e4n sekakuoro) jatkaa keskisuomalaista sekakuoroperinnett\u00e4. Kansallisarkiston Jyv\u00e4skyl\u00e4n toimipisteeseen tallennetut sekakuoron dokumentit kertovat, ett\u00e4 Jyv\u00e4skyl\u00e4n sekakuoron toiminnalla on yhteys marraskuussa 1944 lakkautettuun Jyv\u00e4skyl\u00e4n suojeluskunnan kuoroon. Martti Korpilahti johti kuoroa pitk\u00e4\u00e4n sen perustamisesta alkaen vuonna 1921. T\u00e4t\u00e4 ennen Korpilahti oli perustanut vuonna 1913 sekakuorona toimineen Jyv\u00e4skyl\u00e4n nuorisoseuran kuoron.<\/span><\/p>\n<p class=\"western\"><span style=\"font-family: Arial, serif;\">Martti Korpilahden el\u00e4m\u00e4st\u00e4 kertova kirja kuvaa l\u00e4pi sotavuosien toiminutta Suojeluskunnan sekakuoroa korkeatasoiseksi. Jyv\u00e4skyl\u00e4n sekakuoro puolestaan vakiinnutti tasonsa ja toimintansa, kun opettaja Mauri Toiviainen aloitti vuonna 1950 yhteens\u00e4 30-vuotisen kautensa taiteellisena johtajana. Jorma Tiainen toimi taiteellisena johtajana 10 vuotta, ja h\u00e4nen j\u00e4lkeens\u00e4 teht\u00e4v\u00e4n ottanut Rita Varonen aloitti ty\u00f6n vuonna 1993. H\u00e4nen johtajakautensa p\u00e4\u00e4ttyi vuoden 2021 lopussa ja seuraavat kaksi vuotta kuoroa johti Kirsi Kaunism\u00e4ki-Suhonen.\u00a0 Nyt kuoroa johtaa Tanja Iivarinen. Kuorojen historiikit kertovat tarkemmin, ett\u00e4 vaihtelevan mittaisia kausia taiteellisena johtajana toimineita on lukuisia. Samaten suuri on se laulajien joukko, joka on kautta vuosien toiminut kuorojen taustalla olevien yhdistysten luottamusteht\u00e4viss\u00e4.<br \/>\n<\/span><\/p>\n<p class=\"western\"><span style=\"font-family: Arial, serif;\">Harjun Laulu toimii edelt\u00e4j\u00e4kuorojensa pitk\u00e4n perinteen mukaisesti tavoitteellisesti harjoitellen ja kuorolauluosaamistaan koulutuksin ja kuoroleirein kehitt\u00e4en. T\u00e4rke\u00e4 osa tavoitteellisuutta ovat vuosittain ohjelmistoon tulevat uudet koti- ja ulkomaiset kuoros\u00e4vellykset. Harjun Laulun ja Jyv\u00e4skyl\u00e4n sekakuoron laulajilla on ollut ilo laulaa omia tilaus- ja kuoroille omistettuja s\u00e4vellyksi\u00e4, joista mainittakoon Ahti Karjalaisen <em>L\u00e4hden laulajan pitoihin<\/em> sek\u00e4 Jaakko Linjaman <em>Joko laululle l\u00e4hemm\u00e4<\/em> (1954) ja <em>Mustalaisvankkurit<\/em> (1960). Uudempia ovat Juha Holman <em>Hurmaavat varpaat<\/em> (2005), Heikki Korhosen <em>Jos ma lauluille rupean<\/em> ja Mia Makaroffin <em>Harjun laulu<\/em> (2015). Viimeisin kantaesitys on Saima Hy\u00f6kin s\u00e4velt\u00e4m\u00e4 ja sanoittama <em>En kaipaa toiseen aikaan<\/em> (2021)<em>.<\/em><br \/>\n<\/span><\/p>\n<p class=\"western\"><span style=\"font-family: Arial, serif;\">Kautta vuosien toimintaan on kuulunut kuoromatkoja Suomessa ja ulkomailla. Niiden sis\u00e4lt\u00f6n\u00e4 on ollut kuorolaisten virkistyminen ja esiintymiset yhdess\u00e4 ulkomaisten kuorojen kanssa tai osallistumiset kansainv\u00e4lisiin kuorotapahtumiin. Vastaavasti useita ulko- ja kotimaisia kuoroja on k\u00e4ynyt Jyv\u00e4skyl\u00e4n sekakuoron ja Harjun Laulun vieraana.<\/span><\/p>\n<p class=\"western\"><span style=\"font-family: Arial, serif;\">Lukuisten kotimaisten matkojen lis\u00e4ksi Jyv\u00e4skyl\u00e4n sekakuoro on k\u00e4ynyt Norjassa (1961), Virossa (1967,1969,1993), Unkarissa (1971,1973, 1980, 1984, 1988), Kanadassa (1976), Englannissa (1990) ja Ranskassa (1993). Harjun Laulu on puolestaan k\u00e4ynyt Espanjassa (2010), Italiassa (2013), Kiinassa (2016) ja Sveitsiss\u00e4 (2017). <\/span><\/p>\n<\/div>\n<\/div>\n<\/div>\n<\/section>\n","protected":false},"excerpt":{"rendered":"<p>Vuonna 1945 aloittanut Harjun Laulu (aik. Jyv\u00e4skyl\u00e4n sekakuoro) jatkaa keskisuomalaista sekakuoroperinnett\u00e4. Kansallisarkiston Jyv\u00e4skyl\u00e4n toimipisteeseen tallennetut sekakuoron dokumentit kertovat, ett\u00e4 Jyv\u00e4skyl\u00e4n sekakuoron toiminnalla on yhteys marraskuussa 1944 lakkautettuun Jyv\u00e4skyl\u00e4n suojeluskunnan kuoroon. Martti Korpilahti johti kuoroa pitk\u00e4\u00e4n sen perustamisesta alkaen vuonna 1921. &hellip; <a href=\"https:\/\/harjunlaulu.fi\/?page_id=245\">Lue loppuun <span class=\"meta-nav\">&rarr;<\/span><\/a><\/p>\n","protected":false},"author":1,"featured_media":0,"parent":0,"menu_order":15,"comment_status":"closed","ping_status":"closed","template":"","meta":{"footnotes":""},"class_list":["post-245","page","type-page","status-publish","hentry"],"_links":{"self":[{"href":"https:\/\/harjunlaulu.fi\/index.php?rest_route=\/wp\/v2\/pages\/245","targetHints":{"allow":["GET"]}}],"collection":[{"href":"https:\/\/harjunlaulu.fi\/index.php?rest_route=\/wp\/v2\/pages"}],"about":[{"href":"https:\/\/harjunlaulu.fi\/index.php?rest_route=\/wp\/v2\/types\/page"}],"author":[{"embeddable":true,"href":"https:\/\/harjunlaulu.fi\/index.php?rest_route=\/wp\/v2\/users\/1"}],"replies":[{"embeddable":true,"href":"https:\/\/harjunlaulu.fi\/index.php?rest_route=%2Fwp%2Fv2%2Fcomments&post=245"}],"version-history":[{"count":9,"href":"https:\/\/harjunlaulu.fi\/index.php?rest_route=\/wp\/v2\/pages\/245\/revisions"}],"predecessor-version":[{"id":2017,"href":"https:\/\/harjunlaulu.fi\/index.php?rest_route=\/wp\/v2\/pages\/245\/revisions\/2017"}],"wp:attachment":[{"href":"https:\/\/harjunlaulu.fi\/index.php?rest_route=%2Fwp%2Fv2%2Fmedia&parent=245"}],"curies":[{"name":"wp","href":"https:\/\/api.w.org\/{rel}","templated":true}]}}