{"id":2091,"date":"2026-02-01T12:18:57","date_gmt":"2026-02-01T10:18:57","guid":{"rendered":"https:\/\/harjunlaulu.fi\/?page_id=2091"},"modified":"2026-02-01T12:31:51","modified_gmt":"2026-02-01T10:31:51","slug":"ystavanpaivakonsertti","status":"publish","type":"page","link":"https:\/\/harjunlaulu.fi\/?page_id=2091","title":{"rendered":"Yst\u00e4v\u00e4np\u00e4iv\u00e4konsertti"},"content":{"rendered":"\n<h2 class=\"wp-block-heading\"><strong>Yst\u00e4v\u00e4n laulu<\/strong> <br>Yhteiskonsertti<\/h2>\n\n\n\n<p>Kajaanin kamarikuoro Harjun Laulun vieraana lauantaina 14.2.2026 klo 16<br>Kulttuurisuojassa, Kilpisenkatu 8, Jyv\u00e4skyl\u00e4<\/p>\n\n\n\n<figure class=\"wp-block-image size-full\"><a href=\"https:\/\/harjunlaulu.fi\/wp-content\/uploads\/2026\/02\/Kaukametsan-kamarikuoro.jpg\"><img loading=\"lazy\" decoding=\"async\" width=\"1024\" height=\"525\" src=\"https:\/\/harjunlaulu.fi\/wp-content\/uploads\/2026\/02\/Kaukametsan-kamarikuoro.jpg\" alt=\"\" class=\"wp-image-2092\" srcset=\"https:\/\/harjunlaulu.fi\/wp-content\/uploads\/2026\/02\/Kaukametsan-kamarikuoro.jpg 1024w, https:\/\/harjunlaulu.fi\/wp-content\/uploads\/2026\/02\/Kaukametsan-kamarikuoro-300x154.jpg 300w, https:\/\/harjunlaulu.fi\/wp-content\/uploads\/2026\/02\/Kaukametsan-kamarikuoro-768x394.jpg 768w\" sizes=\"auto, (max-width: 1024px) 100vw, 1024px\" \/><\/a><\/figure>\n\n\n\n<p><strong>Kaukamets\u00e4n Kamarikuoro<\/strong><\/p>\n\n\n\n<p>Kajaanin Kamarikuoro on Kainuun Musiikkiopiston kuoro. Laulajia kuorossa on 35. Kuoroa johtaa kajaanilainen kanttori Juha Mikkonen. Suurteoksista kuoro on esitt\u00e4nyt mm. Bachin Johannespassion ja Jouluoratorion, Mozartin Requemin ja Kruunajaismessun, sek\u00e4 H\u00e4ndelin Messias oratorion.<\/p>\n\n\n\n<p>Kuoron ohjelmistossa on runsaasti hengellist\u00e4 musiikkia, mm. vuodesta 1995 l\u00e4htien perinteinen pyh\u00e4np\u00e4iv\u00e4konsertti. N\u00e4iden konserttien pohjalta kuoro p\u00e4\u00e4tti levytt\u00e4\u00e4 suomalaista hengellist\u00e4 musiikkia. Levyn p\u00e4\u00e4teoksena on Martti Helan Kajaanin seminaarin musiikinlehtorin kuorolle ja uruille s\u00e4velletty Isien kirkko -kantaatti. Teos oli ensilevytys.<\/p>\n\n\n\n<figure class=\"wp-block-image size-full\"><a href=\"https:\/\/harjunlaulu.fi\/wp-content\/uploads\/2026\/02\/HL-Harjulla.jpg\"><img loading=\"lazy\" decoding=\"async\" width=\"1024\" height=\"576\" src=\"https:\/\/harjunlaulu.fi\/wp-content\/uploads\/2026\/02\/HL-Harjulla.jpg\" alt=\"\" class=\"wp-image-2093\" srcset=\"https:\/\/harjunlaulu.fi\/wp-content\/uploads\/2026\/02\/HL-Harjulla.jpg 1024w, https:\/\/harjunlaulu.fi\/wp-content\/uploads\/2026\/02\/HL-Harjulla-300x169.jpg 300w, https:\/\/harjunlaulu.fi\/wp-content\/uploads\/2026\/02\/HL-Harjulla-768x432.jpg 768w\" sizes=\"auto, (max-width: 1024px) 100vw, 1024px\" \/><\/a><\/figure>\n\n\n\n<p><strong>Harjun Laulu<\/strong><\/p>\n\n\n\n<p>Jyv\u00e4skyl\u00e4l\u00e4inen Harjun Laulu on 80- vuotta t\u00e4ytt\u00e4nyt sekakuoro. Ohjelmistoon kuuluu perinteisi\u00e4 kuoroteoksia ja kevyemp\u00e4\u00e4 sek\u00e4 uutta kuoromusiikkia kuten Mia Makroffin s\u00e4velt\u00e4m\u00e4 nimikkolaulumme Harjun laulu kymmenen vuoden takaa. Juhlavuoden kunniaksi laulusta tehtiin musiikkivideo, joka p\u00e4\u00e4si loppukilpailuun Sulasolin j\u00e4rjest\u00e4m\u00e4ss\u00e4 kilpailussa.&nbsp;Kev\u00e4\u00e4ll\u00e4 2023 ja 2024 Harjun Laulu osallistui Jyv\u00e4skyl\u00e4ss\u00e4 ja Helsingiss\u00e4 maailman ensimm\u00e4isiin Choirs for Ecocide Law -konsertteihin, joiden tavoitteena on luonnontuhontalain tunnetuksi tekeminen musiikin ja taiteen keinoin.<\/p>\n\n\n\n<p>Kuoro on j\u00e4rjest\u00e4nyt my\u00f6s \u201dLaulusta voimaa\u201d-yhteislaulutilaisuuksia Jyv\u00e4skyl\u00e4n hoitoyksik\u00f6iss\u00e4 ja useita kertoja jopa Suomikodissa Tukholmassa saakka.<\/p>\n","protected":false},"excerpt":{"rendered":"<p>Yst\u00e4v\u00e4n laulu Yhteiskonsertti Kajaanin kamarikuoro Harjun Laulun vieraana lauantaina 14.2.2026 klo 16Kulttuurisuojassa, Kilpisenkatu 8, Jyv\u00e4skyl\u00e4 Kaukamets\u00e4n Kamarikuoro Kajaanin Kamarikuoro on Kainuun Musiikkiopiston kuoro. Laulajia kuorossa on 35. Kuoroa johtaa kajaanilainen kanttori Juha Mikkonen. Suurteoksista kuoro on esitt\u00e4nyt mm. Bachin Johannespassion &hellip; <a href=\"https:\/\/harjunlaulu.fi\/?page_id=2091\">Lue loppuun <span class=\"meta-nav\">&rarr;<\/span><\/a><\/p>\n","protected":false},"author":1,"featured_media":0,"parent":0,"menu_order":0,"comment_status":"closed","ping_status":"closed","template":"","meta":{"footnotes":""},"class_list":["post-2091","page","type-page","status-publish","hentry"],"_links":{"self":[{"href":"https:\/\/harjunlaulu.fi\/index.php?rest_route=\/wp\/v2\/pages\/2091","targetHints":{"allow":["GET"]}}],"collection":[{"href":"https:\/\/harjunlaulu.fi\/index.php?rest_route=\/wp\/v2\/pages"}],"about":[{"href":"https:\/\/harjunlaulu.fi\/index.php?rest_route=\/wp\/v2\/types\/page"}],"author":[{"embeddable":true,"href":"https:\/\/harjunlaulu.fi\/index.php?rest_route=\/wp\/v2\/users\/1"}],"replies":[{"embeddable":true,"href":"https:\/\/harjunlaulu.fi\/index.php?rest_route=%2Fwp%2Fv2%2Fcomments&post=2091"}],"version-history":[{"count":2,"href":"https:\/\/harjunlaulu.fi\/index.php?rest_route=\/wp\/v2\/pages\/2091\/revisions"}],"predecessor-version":[{"id":2097,"href":"https:\/\/harjunlaulu.fi\/index.php?rest_route=\/wp\/v2\/pages\/2091\/revisions\/2097"}],"wp:attachment":[{"href":"https:\/\/harjunlaulu.fi\/index.php?rest_route=%2Fwp%2Fv2%2Fmedia&parent=2091"}],"curies":[{"name":"wp","href":"https:\/\/api.w.org\/{rel}","templated":true}]}}