{"id":2021,"date":"2025-07-18T19:07:00","date_gmt":"2025-07-18T16:07:00","guid":{"rendered":"https:\/\/harjunlaulu.fi\/?page_id=2021"},"modified":"2025-12-28T18:53:06","modified_gmt":"2025-12-28T16:53:06","slug":"aloita-kuorolaulu-tule-kuorokouluun","status":"publish","type":"page","link":"https:\/\/harjunlaulu.fi\/?page_id=2021","title":{"rendered":"Aloita kuorolaulu &#8211; tule kuorokouluun"},"content":{"rendered":"\n<p>Sekakuoro Harjun Laulu aloittaa syksyn kaikille avoimella kuorokoulululla! Tervetuloa!<\/p>\n\n\n\n<p>Kuorokouluun ovat tervetulleita kaikki, jotka ovat kiinnostuneita kokemaan, mit\u00e4 kuorossa laulaminen on, tai haluavat tutustua Harjun Lauluun. Toiveena on, ett\u00e4 n\u00e4ist\u00e4 tapaamisita rohkaistuneena haluat liitty\u00e4 kuoroon. Tavoitteena on innostaa kaikkia kuorolaulusta kiinnostuneita aloittamaan t\u00e4m\u00e4 uusi tai ehk\u00e4 vuosia k\u00e4tk\u00f6ss\u00e4 ollut harrastus uudestaan.<\/p>\n\n\n\n<p>Harjun Laulu on tavoitteellisesti toimiva kuoro. Sen vuoksi kuorokoulussa perehdyt\u00e4\u00e4n terveeseen \u00e4\u00e4nenmuodostukseen. \u00c4\u00e4nenmuodostukseen osallistuu koko keho: v\u00e4lill\u00e4 jumpataan kielt\u00e4 ja kasvoja, v\u00e4lill\u00e4 venytell\u00e4\u00e4n kehoa, etsit\u00e4\u00e4n hyv\u00e4\u00e4 lauluasentoa,  tunnustellaan hengityst\u00e4 ja valmistaudutaan \u00e4\u00e4nen tuottamiseen. Varsinaisissa \u00e4\u00e4niharjoituksissa  kehitt\u00e4\u00e4n  \u00e4\u00e4nen hallintaa.<\/p>\n\n\n\n<p>Moni\u00e4\u00e4niseen laulamiseen tutustutaan erilaisin ohjelmistoesimerkein, jotka on poimittu kuoron ohjelmistosta. N\u00e4in p\u00e4\u00e4set heti mukaan laulamaan kuoron ohjelmistoa. Apunasi on kuorokummi, joka perehdytt\u00e4\u00e4 sinut kuoron toimintatapoihin.<br><br>Jos olet kuorokoulun j\u00e4lkeen vakuuttunut, ett\u00e4 Harjun Laulun on sinun juttusi, tervetuloa mukaan!<\/p>\n\n\n\n<p>Kuorokoulua vet\u00e4\u00e4 kuoron taiteellinen johtaja, kuoronjohtaja, musiikkipedagogi (AMK) Tanja Iivarinen. Kuorokoulu oli maksuton osallistujille ja siihen osallistuvat kaikki Harjun Laulun laulajat.<\/p>\n\n\n\n<p>Seuraava kuorokoulu j\u00e4rjestet\u00e4\u00e4n syksyll\u00e4 2026 Jyv\u00e4skyl\u00e4n <a href=\"http:\/\/jko.fi\" data-type=\"link\" data-id=\"jko.fi\">Kristillisell\u00e4 opistolla<\/a>, os. Sulkulantie 28. Opistolle on hyv\u00e4t yhteydet paikallisliikenteen busseilla (vuorot 9, 9K ja 15). Pihalla on iso, maksuton parkkipaikka.<\/p>\n\n\n\n<p>Lis\u00e4tietoja kuoron puheenjohtajalta: pj@harjunlaulu.fi<\/p>\n\n\n\n<p><\/p>\n","protected":false},"excerpt":{"rendered":"<p>Sekakuoro Harjun Laulu aloittaa syksyn kaikille avoimella kuorokoulululla! Tervetuloa! Kuorokouluun ovat tervetulleita kaikki, jotka ovat kiinnostuneita kokemaan, mit\u00e4 kuorossa laulaminen on, tai haluavat tutustua Harjun Lauluun. Toiveena on, ett\u00e4 n\u00e4ist\u00e4 tapaamisita rohkaistuneena haluat liitty\u00e4 kuoroon. Tavoitteena on innostaa kaikkia kuorolaulusta &hellip; <a href=\"https:\/\/harjunlaulu.fi\/?page_id=2021\">Lue loppuun <span class=\"meta-nav\">&rarr;<\/span><\/a><\/p>\n","protected":false},"author":1,"featured_media":0,"parent":0,"menu_order":0,"comment_status":"closed","ping_status":"closed","template":"","meta":{"footnotes":""},"class_list":["post-2021","page","type-page","status-publish","hentry"],"_links":{"self":[{"href":"https:\/\/harjunlaulu.fi\/index.php?rest_route=\/wp\/v2\/pages\/2021","targetHints":{"allow":["GET"]}}],"collection":[{"href":"https:\/\/harjunlaulu.fi\/index.php?rest_route=\/wp\/v2\/pages"}],"about":[{"href":"https:\/\/harjunlaulu.fi\/index.php?rest_route=\/wp\/v2\/types\/page"}],"author":[{"embeddable":true,"href":"https:\/\/harjunlaulu.fi\/index.php?rest_route=\/wp\/v2\/users\/1"}],"replies":[{"embeddable":true,"href":"https:\/\/harjunlaulu.fi\/index.php?rest_route=%2Fwp%2Fv2%2Fcomments&post=2021"}],"version-history":[{"count":7,"href":"https:\/\/harjunlaulu.fi\/index.php?rest_route=\/wp\/v2\/pages\/2021\/revisions"}],"predecessor-version":[{"id":2074,"href":"https:\/\/harjunlaulu.fi\/index.php?rest_route=\/wp\/v2\/pages\/2021\/revisions\/2074"}],"wp:attachment":[{"href":"https:\/\/harjunlaulu.fi\/index.php?rest_route=%2Fwp%2Fv2%2Fmedia&parent=2021"}],"curies":[{"name":"wp","href":"https:\/\/api.w.org\/{rel}","templated":true}]}}