{"id":1946,"date":"2024-08-11T19:37:26","date_gmt":"2024-08-11T16:37:26","guid":{"rendered":"https:\/\/harjunlaulu.fi\/?page_id=1946"},"modified":"2025-01-18T00:13:56","modified_gmt":"2025-01-17T22:13:56","slug":"kuorokoulu-2024","status":"publish","type":"page","link":"https:\/\/harjunlaulu.fi\/?page_id=1946","title":{"rendered":"Kuorokoulu 2024"},"content":{"rendered":"\n<p>Sekakuoro Harjun Laulu ja Jyv\u00e4skyl\u00e4n Studiokuoro j\u00e4rjestiv\u00e4t\u00a0<strong>Kuorokoulun<\/strong>\u00a0syksyll\u00e4 laulukauden alkaessa Jyv\u00e4skyl\u00e4n Kristillisell\u00e4 opistolla\u00a0<a href=\"https:\/\/emea01.safelinks.protection.outlook.com\/?url=https%3A%2F%2Fjko.fi%2F&amp;data=05%7C02%7C%7Caece2c967d6c42799a1608dcb8629c1a%7C84df9e7fe9f640afb435aaaaaaaaaaaa%7C1%7C0%7C638587980876955292%7CUnknown%7CTWFpbGZsb3d8eyJWIjoiMC4wLjAwMDAiLCJQIjoiV2luMzIiLCJBTiI6Ik1haWwiLCJXVCI6Mn0%3D%7C0%7C%7C%7C&amp;sdata=hazolThh0UIoVFOTSmcmO9V8oamEm8Y80%2FZfkuIbvzs%3D&amp;reserved=0\" target=\"_blank\" rel=\"noreferrer noopener\">https:\/\/jko.fi\/<\/a>\u00a0.<\/p>\n\n\n\n<p>Kuorokouluun olivat tervetulleet kaikki kuorolaiset ja etenkin ne henkil\u00f6t, jotka ovat kiinnostuneita kokemaan, mit\u00e4 kuorossa laulaminen on ja jotka mahdollisesti olisivat motivoituneita liittym\u00e4\u00e4n my\u00f6hemmin johonkin jyv\u00e4skyl\u00e4l\u00e4iseen kuoroon laulajina. Tavoitteena oli innostaa kuorolaulusta kiinnostuneita aloittamaan t\u00e4m\u00e4n hyv\u00e4n harrastuksen piiriss\u00e4. Kuorokoulussa perehdyttiin terveeseen \u00e4\u00e4nenmuodostukseen ja moni\u00e4\u00e4niseen laulamiseen erilaisin ohjelmistoesimerkein.<br><br>Kuorokoulun j\u00e4lkeen osallistujat saattoivat halutessaan pyrki\u00e4 Harjun Laulun tai Studiokuoron j\u00e4seniksi, tai johonkin muuhun kuoroon, jos katsoivat sen itselleen sopivammaksi. Mit\u00e4\u00e4n pakkoa ei pyrkimiseen ollut, vaan tarkoituksena oli kannustaa tutustumaan kuorolaulun maailmaan ja kahteen hieman erilaiseen sekakuoroon.<\/p>\n\n\n\n<p>Kuorokoulua vetiv\u00e4t musiikkipedagogi Timo Laakso (\u00e4\u00e4nenhuolto), kuoronjohtaja, musiikkipedagogi AMK Tanja Iivarinen ja musiikkineuvos Hannu Ikonen. Kuorokoulu oli maksuton osallistujille. <\/p>\n\n\n\n<p>Kuorokoulu onnistui, kuorot saivat uusia laulajia.<\/p>\n\n\n\n<p><\/p>\n\n\n\n<p><\/p>\n","protected":false},"excerpt":{"rendered":"<p>Sekakuoro Harjun Laulu ja Jyv\u00e4skyl\u00e4n Studiokuoro j\u00e4rjestiv\u00e4t\u00a0Kuorokoulun\u00a0syksyll\u00e4 laulukauden alkaessa Jyv\u00e4skyl\u00e4n Kristillisell\u00e4 opistolla\u00a0https:\/\/jko.fi\/\u00a0. Kuorokouluun olivat tervetulleet kaikki kuorolaiset ja etenkin ne henkil\u00f6t, jotka ovat kiinnostuneita kokemaan, mit\u00e4 kuorossa laulaminen on ja jotka mahdollisesti olisivat motivoituneita liittym\u00e4\u00e4n my\u00f6hemmin johonkin jyv\u00e4skyl\u00e4l\u00e4iseen kuoroon laulajina. &hellip; <a href=\"https:\/\/harjunlaulu.fi\/?page_id=1946\">Lue loppuun <span class=\"meta-nav\">&rarr;<\/span><\/a><\/p>\n","protected":false},"author":1,"featured_media":0,"parent":0,"menu_order":0,"comment_status":"closed","ping_status":"closed","template":"","meta":{"footnotes":""},"class_list":["post-1946","page","type-page","status-publish","hentry"],"_links":{"self":[{"href":"https:\/\/harjunlaulu.fi\/index.php?rest_route=\/wp\/v2\/pages\/1946","targetHints":{"allow":["GET"]}}],"collection":[{"href":"https:\/\/harjunlaulu.fi\/index.php?rest_route=\/wp\/v2\/pages"}],"about":[{"href":"https:\/\/harjunlaulu.fi\/index.php?rest_route=\/wp\/v2\/types\/page"}],"author":[{"embeddable":true,"href":"https:\/\/harjunlaulu.fi\/index.php?rest_route=\/wp\/v2\/users\/1"}],"replies":[{"embeddable":true,"href":"https:\/\/harjunlaulu.fi\/index.php?rest_route=%2Fwp%2Fv2%2Fcomments&post=1946"}],"version-history":[{"count":2,"href":"https:\/\/harjunlaulu.fi\/index.php?rest_route=\/wp\/v2\/pages\/1946\/revisions"}],"predecessor-version":[{"id":2002,"href":"https:\/\/harjunlaulu.fi\/index.php?rest_route=\/wp\/v2\/pages\/1946\/revisions\/2002"}],"wp:attachment":[{"href":"https:\/\/harjunlaulu.fi\/index.php?rest_route=%2Fwp%2Fv2%2Fmedia&parent=1946"}],"curies":[{"name":"wp","href":"https:\/\/api.w.org\/{rel}","templated":true}]}}