{"id":1937,"date":"2024-07-25T23:36:08","date_gmt":"2024-07-25T20:36:08","guid":{"rendered":"https:\/\/harjunlaulu.fi\/?page_id=1937"},"modified":"2025-01-17T22:59:13","modified_gmt":"2025-01-17T20:59:13","slug":"ajankohtaista-2024-25","status":"publish","type":"page","link":"https:\/\/harjunlaulu.fi\/?page_id=1937","title":{"rendered":"Ajankohtaista 2024-25"},"content":{"rendered":"\n<p>Harjun Laulu valmistautuu kuoron 80-vuotisjuhlavuoteen, jota vietet\u00e4\u00e4n vuonna 2025. Kuoro hakee uusia laulajia ja j\u00e4rjest\u00e4\u00e4 syyskauden alussa maksuttoman kuorokoulun, johon voi tulla kuuntelemaan, kokeilemaan ja tutustumaan kuorolaisiin ja kuoron ohjelmistoon. Kuorokoulu alkaa syyskauden alussa keskiviikkona 21.8.2024 klo 18.00 Jyv\u00e4skyl\u00e4n kristillisell\u00e4 opistolla.<\/p>\n\n\n\n<p>Lokakuussa osallistumme Jyv\u00e4skyl\u00e4n kuoroviikkoon ja joulun alla j\u00e4rjest\u00e4mme joulukonsertin.<\/p>\n\n\n\n<p>Kuoro jatkaa syyskauden ajan ohjelmaa Lapset ja vanhat yhdess\u00e4 laulamaan.  Siin\u00e4 p\u00e4iv\u00e4kodit ja palvelutalot ja senioriyhdistykset kokoontuvat yhteisiin laulutilaisuuksiin, joissa lauletaan uusia ja vanhoja lastenlauluja ja leikit\u00e4\u00e4n uusia laululeikkej\u00e4 ja perinneleikkej\u00e4. Harjun Laulu sai t\u00e4h\u00e4n toimintaan Alli Paasikiven s\u00e4\u00e4ti\u00f6n kulttuuriapurahan syksyll\u00e4 2023.<\/p>\n\n\n\n<div class=\"wp-block-group\"><div class=\"wp-block-group__inner-container is-layout-constrained wp-block-group-is-layout-constrained\">\n<h2 class=\"wp-block-heading\">Tulevia tapahtumia<\/h2>\n\n\n\n<p><strong>1.12.2024 klo 14.00<\/strong> Jyv\u00e4skyl\u00e4n Kristillisen opiston adventtiseurat, JKO<br><strong>18.12.2024 Joulukonsertti<\/strong>, Keltinm\u00e4en kirkko<\/p>\n\n\n\n<h2 class=\"wp-block-heading\">Laulusta voimaa<\/h2>\n\n\n\n<p><strong>Yleisi\u00e4 laulatustilaisuuksia<\/strong><br><strong>7.10.2024 klo 13.30<\/strong> Kortteli Klubi, Vapaudenkatu 48-50, Jyv\u00e4skyl\u00e4<br><strong>26.11.2024 klo 16-18<\/strong> Muistiyhdistyksen joulujuhla, Sep\u00e4nkeskus Reaktori-sali<\/p>\n\n\n\n<p><strong>Alli Paasikiven S\u00e4\u00e4ti\u00f6n apurahalla toteutettavia tilaisuuksia<\/strong><br>&nbsp;<br><strong>23.10. klo 9.30\u201310.30<\/strong>&nbsp;Luhtisen palvelukeskus, Ritopohjantie 23, Palokka.&nbsp;<br><strong>5.11. klo 10<\/strong>&nbsp;Palokan veteraanitalo Haukkam\u00e4entie 2, Palokka&nbsp;<br><strong>15.11. klo 10<\/strong>&nbsp;S\u00e4yn\u00e4tsalon Kyl\u00e4n kammari Pappilantie 6, S\u00e4yn\u00e4tsalo&nbsp;<\/p>\n\n\n\n<h2 class=\"wp-block-heading\">Toteutuneita tapahtumia<\/h2>\n\n\n\n<p><strong>Yleisi\u00e4 laulatustilaisuuksia<\/strong><br><strong>4.9.2024<\/strong> Piippurannan klubi, Mets\u00e4n laulajaiset (Suomen luonnon p\u00e4iv\u00e4)<br><strong>2.10.2024 klo 18 Jyv\u00e4skyl\u00e4n XI kuoroviikon konsertti <\/strong><br>Harjun Laulu, Rytmih\u00e4iri\u00f6-kuoro, Tuulantei, Nuorisokuoro Gaudioso, Kamarikuoro Hehku<\/p>\n\n\n\n<p><strong>Alli Paasikiven S\u00e4\u00e4ti\u00f6n apurahalla toteutetut tilaisuudet<\/strong><br> <strong>27.8.2024<\/strong> Kulttuurikeskus Poleeni, Pieks\u00e4m\u00e4ki<br><strong>&nbsp;9.10.2024 klo 10-11<\/strong>&nbsp; Sateenkaaren p\u00e4iv\u00e4koti, Piippukatu 5 Lutakko.<\/p>\n<\/div><\/div>\n\n\n\n<p><\/p>\n","protected":false},"excerpt":{"rendered":"<p>Harjun Laulu valmistautuu kuoron 80-vuotisjuhlavuoteen, jota vietet\u00e4\u00e4n vuonna 2025. Kuoro hakee uusia laulajia ja j\u00e4rjest\u00e4\u00e4 syyskauden alussa maksuttoman kuorokoulun, johon voi tulla kuuntelemaan, kokeilemaan ja tutustumaan kuorolaisiin ja kuoron ohjelmistoon. Kuorokoulu alkaa syyskauden alussa keskiviikkona 21.8.2024 klo 18.00 Jyv\u00e4skyl\u00e4n kristillisell\u00e4 &hellip; <a href=\"https:\/\/harjunlaulu.fi\/?page_id=1937\">Lue loppuun <span class=\"meta-nav\">&rarr;<\/span><\/a><\/p>\n","protected":false},"author":1,"featured_media":0,"parent":0,"menu_order":0,"comment_status":"closed","ping_status":"closed","template":"","meta":{"footnotes":""},"class_list":["post-1937","page","type-page","status-publish","hentry"],"_links":{"self":[{"href":"https:\/\/harjunlaulu.fi\/index.php?rest_route=\/wp\/v2\/pages\/1937","targetHints":{"allow":["GET"]}}],"collection":[{"href":"https:\/\/harjunlaulu.fi\/index.php?rest_route=\/wp\/v2\/pages"}],"about":[{"href":"https:\/\/harjunlaulu.fi\/index.php?rest_route=\/wp\/v2\/types\/page"}],"author":[{"embeddable":true,"href":"https:\/\/harjunlaulu.fi\/index.php?rest_route=\/wp\/v2\/users\/1"}],"replies":[{"embeddable":true,"href":"https:\/\/harjunlaulu.fi\/index.php?rest_route=%2Fwp%2Fv2%2Fcomments&post=1937"}],"version-history":[{"count":8,"href":"https:\/\/harjunlaulu.fi\/index.php?rest_route=\/wp\/v2\/pages\/1937\/revisions"}],"predecessor-version":[{"id":1992,"href":"https:\/\/harjunlaulu.fi\/index.php?rest_route=\/wp\/v2\/pages\/1937\/revisions\/1992"}],"wp:attachment":[{"href":"https:\/\/harjunlaulu.fi\/index.php?rest_route=%2Fwp%2Fv2%2Fmedia&parent=1937"}],"curies":[{"name":"wp","href":"https:\/\/api.w.org\/{rel}","templated":true}]}}