{"id":1618,"date":"2022-07-26T16:02:59","date_gmt":"2022-07-26T13:02:59","guid":{"rendered":"https:\/\/harjunlaulu.fi\/?page_id=1618"},"modified":"2023-06-01T11:40:56","modified_gmt":"2023-06-01T08:40:56","slug":"ajankohtaista-2","status":"publish","type":"page","link":"https:\/\/harjunlaulu.fi\/?page_id=1618","title":{"rendered":"Ajankohtaista"},"content":{"rendered":"\n<h2 class=\"wp-block-heading\"><strong>Harjun Laulu etsii uutta taiteellista johtajaa<\/strong><\/h2>\n\n\n\n<p>Harjun Laulua toimii Jyv\u00e4skyl\u00e4ss\u00e4 ja sit\u00e4  on johtanut viimeiset kaksi vuotta KM, kuoronjohtaja Kirsi Kaunism\u00e4ki-Suhonen. Kirsi siirtyy sykskyll\u00e4 uusiin teht\u00e4viin p\u00e4\u00e4kaupunkiseudulle.<\/p>\n\n\n\n<p>Kuoro hakee nyt uutta taiteellista johtajaa. Toivomme, ett\u00e4 uusi johtaja voisi aloittaa ty\u00f6ns\u00e4 heti laulukauden alkaessa syksyll\u00e4, mutta viimeist\u00e4\u00e4n vuoden 2024 alussa. Odotamme taiteelliselta johtajalta sopivaa koulutusta ja kokemusta kuoronjohtajan teht\u00e4vist\u00e4, n\u00e4kemyst\u00e4 kehitt\u00e4\u00e4 kuoron ilmaisua, ja taitoa toimia vuorovaikutuksessa ja yhteisty\u00f6ss\u00e4.<\/p>\n\n\n\n<p>Hakuaika p\u00e4\u00e4ttyy 31.7.2023. L\u00e4het\u00e4 vapaamuotoinen hakemus ja CV palkkatoiveineen s\u00e4hk\u00f6postilla osoitteeseen hallitus@harjunlaulu.fi.<\/p>\n\n\n\n<p>Lis\u00e4tietoja:<\/p>\n\n\n\n<p>Kirsi Suokas (040 7290443)<br>Leena Kuorelahti (0400 652549)<br>_________________________________________________________________<\/p>\n\n\n\n<figure class=\"wp-block-image size-large\"><a href=\"https:\/\/harjunlaulu.fi\/wp-content\/uploads\/2023\/04\/Pikkukuva_tanssiaiset_raja.jpg\"><img loading=\"lazy\" decoding=\"async\" width=\"1024\" height=\"553\" src=\"https:\/\/harjunlaulu.fi\/wp-content\/uploads\/2023\/04\/Pikkukuva_tanssiaiset_raja-1024x553.jpg\" alt=\"\" class=\"wp-image-1747\" srcset=\"https:\/\/harjunlaulu.fi\/wp-content\/uploads\/2023\/04\/Pikkukuva_tanssiaiset_raja-1024x553.jpg 1024w, https:\/\/harjunlaulu.fi\/wp-content\/uploads\/2023\/04\/Pikkukuva_tanssiaiset_raja-300x162.jpg 300w, https:\/\/harjunlaulu.fi\/wp-content\/uploads\/2023\/04\/Pikkukuva_tanssiaiset_raja-768x415.jpg 768w, https:\/\/harjunlaulu.fi\/wp-content\/uploads\/2023\/04\/Pikkukuva_tanssiaiset_raja.jpg 1153w\" sizes=\"auto, (max-width: 1024px) 100vw, 1024px\" \/><\/a><\/figure>\n\n\n\n<p>Kukanp\u00e4iv\u00e4n tanssiaiset Keljon Tapiolassa. Musiikkina Harjun Laulun esitt\u00e4mi\u00e4 iskelmi\u00e4 ja laulelmia Trio Kinswon s\u00e4estyksell\u00e4. Puhvetti ja arpajaiset. Kuoroa johtaa Kirsi Kaunism\u00e4ki- Suhonen. Liput 20 \u20ac.<\/p>\n\n\n\n<p><strong>15.4.2023 klo 16.00 Choirs for Ecocide Law -konsertti<\/strong> Jyv\u00e4skyl\u00e4n yliopiston juhlasalissa . Liput 20\u20ac\/10\u20ac <a href=\"https:\/\/liikuttajat.fi\/harjunlaulu\/tapahtumat\/choirs-for-ecocide-law\">t\u00e4st\u00e4<\/a>.<\/p>\n\n\n\n<figure class=\"wp-block-image size-large\"><a href=\"https:\/\/harjunlaulu.fi\/wp-content\/uploads\/2023\/04\/image.png\"><img loading=\"lazy\" decoding=\"async\" width=\"1024\" height=\"512\" src=\"https:\/\/harjunlaulu.fi\/wp-content\/uploads\/2023\/04\/image-1024x512.png\" alt=\"\" class=\"wp-image-1693\" srcset=\"https:\/\/harjunlaulu.fi\/wp-content\/uploads\/2023\/04\/image-1024x512.png 1024w, https:\/\/harjunlaulu.fi\/wp-content\/uploads\/2023\/04\/image-300x150.png 300w, https:\/\/harjunlaulu.fi\/wp-content\/uploads\/2023\/04\/image-768x384.png 768w, https:\/\/harjunlaulu.fi\/wp-content\/uploads\/2023\/04\/image.png 1280w\" sizes=\"auto, (max-width: 1024px) 100vw, 1024px\" \/><\/a><\/figure>\n\n\n\n<p>Luonnon tuhoutuminen on oman aikamme suuri kysymys, ja se koskee meit\u00e4 kaikkia. Tarkoituksellista ja laaja-alaista luonnontuhontaa ei toistaiseksi lueta rikokseksi kansainv\u00e4lisess\u00e4 rikosoikeudessa. Valtiot, kansalaisj\u00e4rjest\u00f6t ja yksitt\u00e4iset kansalaiset ovat ryhtyneet vaatimaan luonnontuhontalain s\u00e4\u00e4t\u00e4mist\u00e4 ja luonnontuhonnan kansainv\u00e4list\u00e4 kriminalisointia. Luonnontuhontalain tarkoituksena on rinnastaa luonnontuhonta osaksi Kansainv\u00e4lisen rikosoikeuden peruss\u00e4\u00e4nt\u00f6\u00e4 kuten joukkotuhonta, rikokset ihmisyytt\u00e4 vastaan ja sotarikokset. Luonnontuhonnan kansainv\u00e4lisen rikoslain katsotaan olevan tehokas v\u00e4line pys\u00e4ytt\u00e4\u00e4 katoavan luonnon ongelmaa, kun vastuunkannon tuhonnasta voivat joutua kantamaan p\u00e4\u00e4tt\u00e4v\u00e4ss\u00e4 asemassa olevat ihmiset henkil\u00f6kohtaisesti rikostuomioistuimen edess\u00e4. <\/p>\n\n\n\n<p>Euroopan parlamentti asettui 29.3.2023 yksimielisesti tukemaan luonnontuhonnan kriminalisointia EU:n oikeudessa. Se vahvistaa my\u00f6s pyrkimyst\u00e4 saattaa luonnontuhonta rikoksena Kansainv\u00e4lisen rikostuomioistuimen (ICC) Rooman peruskirjaan.<\/p>\n\n\n\n<p>Taide voi her\u00e4tt\u00e4\u00e4 ihmiset tajuamaan aikamme suurinta haastetta katoavasta luonnosta.  Kuoromusiikin avulla voidaan tavoittaa suuria ihmism\u00e4\u00e4ri\u00e4 ja tavoitteena on, ett\u00e4 luonnontuhonnan kriminalisointi n\u00e4ht\u00e4isiin yhten\u00e4 keinona puuttua tilanteeseen.<\/p>\n\n\n\n<p>Choirs for Ecocide Law -konsertti Jyv\u00e4skyl\u00e4ss\u00e4 on kansainv\u00e4lisen ty\u00f6ryhm\u00e4n tuottaman kuorokonseptin maailmanensi-ilta. Konsertissa esiintyv\u00e4t Harjun Laulu, Happy Voices -kuorot, Lauluyhtye Aves sek\u00e4 Houseband Trio Ohoi. Kuvataiteilijat Asta Huutonen, Samuel K\u00e4yhk\u00f6 ja Mika Pekkanen maalaavat konsertin liven\u00e4. Taideteokset huutokaupataan illan p\u00e4\u00e4ttyess\u00e4. Konsertin tuotot lahjoitetaan Stop Ecocide International -j\u00e4rjest\u00f6lle\ud83d\udc9b.<\/p>\n\n\n\n<p>Heti konsertin j\u00e4lkeen j\u00e4rjestet\u00e4\u00e4n&nbsp;paneelikeskustelu, johon osallistuvat&nbsp;europarlamentaarikko ja ministeri Mauri Pekkarinen, sis\u00e4ministeri Krista Mikkonen,&nbsp; suurl\u00e4hettil\u00e4s emeritus Mikko Pyh\u00e4l\u00e4<strong>&nbsp;<\/strong>ja Sibelius-Akatemian Global Music -osaston<strong>&nbsp;<\/strong>lehtori Merzi Rajala&nbsp;sek\u00e4 Allianssin luontodelegaatti&nbsp;Alli Pylkk\u00f6. Keskustelussa pohditaan yksitt\u00e4isen maan p\u00e4\u00e4tt\u00e4jien tai EU:n tason p\u00e4\u00e4tt\u00e4jien roolia kansainv\u00e4lisen lains\u00e4\u00e4d\u00e4nn\u00f6n muokkaamisessa. Keskustelussa puhutaan my\u00f6s tavallisten ihmisten ja eritoten nuorten ymp\u00e4rist\u00f6huolista ja miten lains\u00e4\u00e4d\u00e4nt\u00f6 voi olla yhteydess\u00e4 kansalaisten ajatuksiin. Mik\u00e4 on taiteen rooli ekokriisin&nbsp;ratkaisujen hakemisessa? Paneelia johtaa Jyv\u00e4skyl\u00e4n yliopiston luonnonsuojelubiologi&nbsp;dosentti Panu Halme.<\/p>\n\n\n\n<p>Tervetuloa uniikkiin konserttiin, kantaaottavaan paneelikeskusteluun ja livekuvataidehuutokauppaan!<\/p>\n\n\n\n<p>Liput 20\u20ac\/10\u20ac.<\/p>\n\n\n\n<p><\/p>\n\n\n\n<hr class=\"wp-block-separator has-alpha-channel-opacity is-style-wide\"\/>\n\n\n\n<h2 class=\"wp-block-heading\">L\u00e4himenneisyydess\u00e4 tapahtunutta<\/h2>\n\n\n\n<p><strong>25.1.2023 Kuokkalan virtapiiri<\/strong>, <strong>Laulusta voimaa klo 11.00<\/strong><br>os. Kuokkalan nuorisotila, Liitukuja 4 (L-rakennus, kirjastoa vastap\u00e4\u00e4t\u00e4)<br>Kuoro laulaa ja laulattaa. Ovet aukeavat klo 10.00.<\/p>\n\n\n\n<p><strong>24.1.2023 Palokan virtapiiri<\/strong>,<strong> Laulusta voimaa klo 11.00<\/strong><br>os. Palokan Veteraanitalo, Haukkam\u00e4entie 2<br>Kuoro laulaa ja laulattaa. Ovet aukeavat klo 10.00.<\/p>\n\n\n\n<p><strong>19.12.2022<\/strong> <strong>Soiva joulutervehdys<\/strong> Jyv\u00e4skyl\u00e4ss\u00e4  Jokihovissa, Jokikartanossa ja Keltinm\u00e4en  kuntouttavan&nbsp; p\u00e4iv\u00e4toiminnan tapahtumissa.<\/p>\n\n\n\n<p><strong>18.12.2022 Rantuen adevnttikalenteritapahtuma<\/strong> <\/p>\n\n\n\n<p><strong>16.12.2022 Jouluenkeli<\/strong>&nbsp;-joulukonsertti klo 18.00 Gradian juhlasalissa yhdess\u00e4 Happy Voices -kuorojen kanssa-<\/p>\n\n\n\n<p><strong>12.12.2022 Soiva joulutervehdys<\/strong> Vaajakoskella Sampoharjussa, Harjuhovissa,  ja Vaajakosken kuntouttavan&nbsp; p\u00e4iv\u00e4toiminnan tapahtumissa.<\/p>\n\n\n\n<p><strong>27.11.2022<\/strong> <strong>Adventtiseurat<\/strong>&nbsp;Jyv\u00e4skyl\u00e4n kristillisell\u00e4 opistolla.<\/p>\n\n\n\n<p><strong>6.10.2022 Jyv\u00e4skyl\u00e4n XI kuoroviikko<\/strong><\/p>\n\n\n\n<p>Harjun Laulu osallistui kuoroviikon konserttisarjaan torstaina 6.10.2022 klo 19.00 yliopiston vanhassa juhlasalissa. <\/p>\n\n\n\n<p><strong>21.9.2022 Jyv\u00e4skyl\u00e4n kristillinen opisto<\/strong><\/p>\n\n\n\n<p>Kuoro esiintyi Krisillisen opiston Hannala-rakennuksen avajaisissa ja opiston 80-vuotisjuhlassa 21.9.2022.<\/p>\n\n\n\n<p><strong>28.8.2022, Esiintyminen Korpilahdella<\/strong><br><\/p>\n\n\n\n<div class=\"wp-block-media-text alignwide is-stacked-on-mobile\" style=\"grid-template-columns:48% auto\"><figure class=\"wp-block-media-text__media\"><img loading=\"lazy\" decoding=\"async\" width=\"479\" height=\"634\" src=\"https:\/\/harjunlaulu.fi\/wp-content\/uploads\/2022\/07\/MarttiKorpilahti_esite.jpg\" alt=\"\" class=\"wp-image-1628 size-full\" srcset=\"https:\/\/harjunlaulu.fi\/wp-content\/uploads\/2022\/07\/MarttiKorpilahti_esite.jpg 479w, https:\/\/harjunlaulu.fi\/wp-content\/uploads\/2022\/07\/MarttiKorpilahti_esite-227x300.jpg 227w\" sizes=\"auto, (max-width: 479px) 100vw, 479px\" \/><\/figure><div class=\"wp-block-media-text__content\">\n<p>Harjun Laulu esiintyy Martti Korpilahti-p\u00e4ivill\u00e4 Korpilahdella 28.8.2022.<\/p>\n<\/div><\/div>\n\n\n\n<p><br><strong>18.8. \u2013 1.9.2022, Kuorokoulu<\/strong> <strong>entisille 30-60 -vuotiaille nuorille<\/strong><\/p>\n\n\n\n<p>Etsint\u00e4kuulutus erityisesti entisille 30-60 -vuotiaille nuorille, jotka&nbsp;rakastavat laulamista, mutta tohtivat&nbsp;venytell\u00e4 \u00e4\u00e4nij\u00e4nteit\u00e4\u00e4n vain yksin&nbsp;ollessaan suihkussa tai autoa ajaessaan:&nbsp;<\/p>\n\n\n\n<p>TULE KUOROKOULUUN!&nbsp;<\/p>\n\n\n\n<figure class=\"wp-block-image size-full\"><a href=\"https:\/\/harjunlaulu.fi\/wp-content\/uploads\/2022\/01\/Iloista-menoa.jpg\"><img loading=\"lazy\" decoding=\"async\" width=\"783\" height=\"378\" src=\"https:\/\/harjunlaulu.fi\/wp-content\/uploads\/2022\/01\/Iloista-menoa.jpg\" alt=\"\" class=\"wp-image-1523\" srcset=\"https:\/\/harjunlaulu.fi\/wp-content\/uploads\/2022\/01\/Iloista-menoa.jpg 783w, https:\/\/harjunlaulu.fi\/wp-content\/uploads\/2022\/01\/Iloista-menoa-300x145.jpg 300w, https:\/\/harjunlaulu.fi\/wp-content\/uploads\/2022\/01\/Iloista-menoa-768x371.jpg 768w\" sizes=\"auto, (max-width: 783px) 100vw, 783px\" \/><\/a><\/figure>\n\n\n\n<p>Kuorokoulussa&nbsp;opettelemme k\u00e4ytt\u00e4m\u00e4\u00e4n omaa&nbsp;\u00e4\u00e4nt\u00e4mme ja kuulostelemme, milt\u00e4 se kuulostaa&nbsp;muiden \u00e4\u00e4nten seassa sek\u00e4 teemme riemukkaita rytmiharjoituksia. Laulamme, leikimme, liikumme, luomme&nbsp;ja loistamme &#8211; pid\u00e4mme hauskaa. Olitpa lauluhommissa&nbsp;kokematon tai konkari, tule rohkeasti&nbsp; mukaan yhteis\u00f6lliseen ilonpitoon!<\/p>\n\n\n\n<p>Kuorokoulu kokoontuu kolmena torstaina alkaen 18.8. klo 18-19.15 Kuokkalassa Kristillisell\u00e4 opistolla. Kuorokoulun j\u00e4rjest\u00e4\u00e4 Harjun Laulu ja yhteisest\u00e4 sykkeest\u00e4 ja soinnista pit\u00e4\u00e4 huolen HL:n taiteellinen johtaja Kirsi Kaunism\u00e4ki-Suhonen.&nbsp;<\/p>\n\n\n\n<p><strong>Syyskausi alkaa 18.8.2022 klo 18.00 <\/strong>Jyv\u00e4skyl\u00e4n kristillisell\u00e4 opistolla, osoite Sulkulantie 28, 40520 Jyv\u00e4skyl\u00e4.<\/p>\n","protected":false},"excerpt":{"rendered":"<p>Harjun Laulu etsii uutta taiteellista johtajaa Harjun Laulua toimii Jyv\u00e4skyl\u00e4ss\u00e4 ja sit\u00e4 on johtanut viimeiset kaksi vuotta KM, kuoronjohtaja Kirsi Kaunism\u00e4ki-Suhonen. Kirsi siirtyy sykskyll\u00e4 uusiin teht\u00e4viin p\u00e4\u00e4kaupunkiseudulle. Kuoro hakee nyt uutta taiteellista johtajaa. Toivomme, ett\u00e4 uusi johtaja voisi aloittaa ty\u00f6ns\u00e4 &hellip; <a href=\"https:\/\/harjunlaulu.fi\/?page_id=1618\">Lue loppuun <span class=\"meta-nav\">&rarr;<\/span><\/a><\/p>\n","protected":false},"author":1,"featured_media":0,"parent":0,"menu_order":0,"comment_status":"closed","ping_status":"closed","template":"","meta":{"footnotes":""},"class_list":["post-1618","page","type-page","status-publish","hentry"],"_links":{"self":[{"href":"https:\/\/harjunlaulu.fi\/index.php?rest_route=\/wp\/v2\/pages\/1618","targetHints":{"allow":["GET"]}}],"collection":[{"href":"https:\/\/harjunlaulu.fi\/index.php?rest_route=\/wp\/v2\/pages"}],"about":[{"href":"https:\/\/harjunlaulu.fi\/index.php?rest_route=\/wp\/v2\/types\/page"}],"author":[{"embeddable":true,"href":"https:\/\/harjunlaulu.fi\/index.php?rest_route=\/wp\/v2\/users\/1"}],"replies":[{"embeddable":true,"href":"https:\/\/harjunlaulu.fi\/index.php?rest_route=%2Fwp%2Fv2%2Fcomments&post=1618"}],"version-history":[{"count":38,"href":"https:\/\/harjunlaulu.fi\/index.php?rest_route=\/wp\/v2\/pages\/1618\/revisions"}],"predecessor-version":[{"id":1758,"href":"https:\/\/harjunlaulu.fi\/index.php?rest_route=\/wp\/v2\/pages\/1618\/revisions\/1758"}],"wp:attachment":[{"href":"https:\/\/harjunlaulu.fi\/index.php?rest_route=%2Fwp%2Fv2%2Fmedia&parent=1618"}],"curies":[{"name":"wp","href":"https:\/\/api.w.org\/{rel}","templated":true}]}}