{"id":1385,"date":"2020-11-21T22:06:47","date_gmt":"2020-11-21T20:06:47","guid":{"rendered":"https:\/\/harjunlaulu.fi\/?page_id=1385"},"modified":"2020-11-23T13:34:46","modified_gmt":"2020-11-23T11:34:46","slug":"maalaistunnelmissa","status":"publish","type":"page","link":"https:\/\/harjunlaulu.fi\/?page_id=1385","title":{"rendered":"Tukkijoella"},"content":{"rendered":"\n<p class=\"has-text-align-center\"><\/p>\n\n\n\n<div class=\"wp-block-image is-style-rounded\"><figure class=\"alignleft size-large is-resized\"><img loading=\"lazy\" decoding=\"async\" src=\"https:\/\/harjunlaulu.fi\/wp-content\/uploads\/2020\/11\/20201122_2003051-1024x991.jpg\" alt=\"\" class=\"wp-image-1396\" width=\"305\" height=\"295\" srcset=\"https:\/\/harjunlaulu.fi\/wp-content\/uploads\/2020\/11\/20201122_2003051-1024x991.jpg 1024w, https:\/\/harjunlaulu.fi\/wp-content\/uploads\/2020\/11\/20201122_2003051-300x290.jpg 300w, https:\/\/harjunlaulu.fi\/wp-content\/uploads\/2020\/11\/20201122_2003051-768x743.jpg 768w, https:\/\/harjunlaulu.fi\/wp-content\/uploads\/2020\/11\/20201122_2003051-1536x1487.jpg 1536w, https:\/\/harjunlaulu.fi\/wp-content\/uploads\/2020\/11\/20201122_2003051.jpg 1584w\" sizes=\"auto, (max-width: 305px) 100vw, 305px\" \/><\/figure><\/div>\n\n\n\n<p>1. Viel\u00e4 niit\u00e4 honkia humisee <br>    Voi minun nuorta syd\u00e4nt\u00e4ni<br>2. Ei meit\u00e4 surulla ruokita<br>3. Kaikenlaisia kukkia kasvaa<br>4. Tula tuulan tei<br>5. Tukkipoika se lautallansa<br>6. J\u00e4rven selj\u00e4lt\u00e4<br>7. Moni on korpi kolkko <br>     Vaan ei sit\u00e4 huolista huolita<br>8. Onpa se rakkaus sukkela tauti <br>     Viel\u00e4 niit\u00e4 honkia humisee<br><\/p>\n\n\n\n<p class=\"has-text-align-left\">S\u00e4v. Oskari Merikanto, san. Teuvo Pakkala, sov. Leonid Basmakov<br><br><strong>Kuuntele n\u00e4yte<\/strong><br><div id=\"mp3jWrap_0\" class=\"mjp-s-wrapper s-graphic unsel-mjp \" style=\"font-size:18px;\"><span id=\"playpause_wrap_mp3j_0\" class=\"wrap_inline_mp3j\" style=\"font-weight:700;\"><span class=\"gfxbutton_mp3j play-mjp\" id=\"playpause_mp3j_0\" style=\"font-size:18px;\">&nbsp;&nbsp;&nbsp;&nbsp;&nbsp;<\/span>&nbsp;<span class=\"group_wrap\"><span class=\"bars_mp3j\"><span class=\"loadB_mp3j\" id=\"load_mp3j_0\"><\/span><span class=\"posbarB_mp3j\" id=\"posbar_mp3j_0\"><\/span><\/span><span class=\"T_mp3j\" id=\"T_mp3j_0\" style=\"font-size:18px;\">Onpa se rakkaus sukkela tauti<\/span><span class=\"indi_mp3j\" style=\"font-size:12.6px;\" id=\"statusMI_0\"><\/span><\/span><\/span><\/div><span class=\"s-nosolution\" id=\"mp3j_nosolution_0\" style=\"display:none;\"><\/span><script>\nMP3jPLAYLISTS.inline_0 = [\n\t{ name: \"Onpa se rakkaus sukkela tauti\", formats: [\"mp3\"], mp3: \"aHR0cDovL2hhcmp1bmxhdWx1LmZpL3dwLWNvbnRlbnQvbGV2eWRlbW8vT25wYSBzZSByYWtrYXVzIHN1a2tlbGEgdGF1dGkubXAz\", counterpart:\"\", artist: \"\", image: \"\", imgurl: \"\" }\n];\n<\/script>\n\n<script>MP3jPLAYERS[0] = { list: MP3jPLAYLISTS.inline_0, tr:0, type:'single', lstate:'', loop:false, play_txt:'&nbsp;&nbsp;&nbsp;&nbsp;&nbsp;', pause_txt:'&nbsp;&nbsp;&nbsp;&nbsp;&nbsp;', pp_title:'', autoplay:false, download:false, vol:100, height:'' };<\/script><br>Tilaukset ja lis\u00e4tietoa\u00a0Matti Siipola, 0404 135 134, matti.siipola22(at)gmail.com<\/p>\n","protected":false},"excerpt":{"rendered":"<p>1. Viel\u00e4 niit\u00e4 honkia humisee Voi minun nuorta syd\u00e4nt\u00e4ni2. Ei meit\u00e4 surulla ruokita3. Kaikenlaisia kukkia kasvaa4. Tula tuulan tei5. Tukkipoika se lautallansa6. J\u00e4rven selj\u00e4lt\u00e47. Moni on korpi kolkko Vaan ei sit\u00e4 huolista huolita8. Onpa se rakkaus sukkela tauti Viel\u00e4 niit\u00e4 &hellip; <a href=\"https:\/\/harjunlaulu.fi\/?page_id=1385\">Lue loppuun <span class=\"meta-nav\">&rarr;<\/span><\/a><\/p>\n","protected":false},"author":1,"featured_media":0,"parent":0,"menu_order":0,"comment_status":"closed","ping_status":"closed","template":"","meta":{"footnotes":""},"class_list":["post-1385","page","type-page","status-publish","hentry"],"_links":{"self":[{"href":"https:\/\/harjunlaulu.fi\/index.php?rest_route=\/wp\/v2\/pages\/1385","targetHints":{"allow":["GET"]}}],"collection":[{"href":"https:\/\/harjunlaulu.fi\/index.php?rest_route=\/wp\/v2\/pages"}],"about":[{"href":"https:\/\/harjunlaulu.fi\/index.php?rest_route=\/wp\/v2\/types\/page"}],"author":[{"embeddable":true,"href":"https:\/\/harjunlaulu.fi\/index.php?rest_route=\/wp\/v2\/users\/1"}],"replies":[{"embeddable":true,"href":"https:\/\/harjunlaulu.fi\/index.php?rest_route=%2Fwp%2Fv2%2Fcomments&post=1385"}],"version-history":[{"count":9,"href":"https:\/\/harjunlaulu.fi\/index.php?rest_route=\/wp\/v2\/pages\/1385\/revisions"}],"predecessor-version":[{"id":1419,"href":"https:\/\/harjunlaulu.fi\/index.php?rest_route=\/wp\/v2\/pages\/1385\/revisions\/1419"}],"wp:attachment":[{"href":"https:\/\/harjunlaulu.fi\/index.php?rest_route=%2Fwp%2Fv2%2Fmedia&parent=1385"}],"curies":[{"name":"wp","href":"https:\/\/api.w.org\/{rel}","templated":true}]}}