{"id":1273,"date":"2019-09-19T12:15:47","date_gmt":"2019-09-19T09:15:47","guid":{"rendered":"https:\/\/harjunlaulu.fi\/?page_id=1273"},"modified":"2019-09-24T13:41:58","modified_gmt":"2019-09-24T10:41:58","slug":"tilaa-esiintymaan","status":"publish","type":"page","link":"https:\/\/harjunlaulu.fi\/?page_id=1273","title":{"rendered":"Tilaa esiintym\u00e4\u00e4n"},"content":{"rendered":"<p>Harjun Laulun esiintyy monenlaisissa tilaisuuksissa joko kokonaisuudessaan tai kvartettina, tuplakvartettina tai muun kokoisena lauluyhtyeen\u00e4.<\/p>\n<p>Ohjelmisto valitaan tilaajan toivomuksen mukaan tilaisuuteen sopivaksi. Lauluyhtyeen saa esiintym\u00e4\u00e4n joustavasti ja lyhyell\u00e4kin varoitusajalla.<\/p>\n<p>1990-luvun alkupuolelta toiminnassa olleen lauluyhtye Ihantolan nimi tulee kahvila- ja n\u00e4k\u00f6tornipaviljongista, joka on sijainnut 1900-luvun alkuvuosina Harjulla.<\/p>\n<p>Tilaukset ja lis\u00e4tietoa\u00a0<\/p>\n<p>Matti Siipola, 0404 135 134, matti.siipola22(at)gmail.com<\/p>\n\n\n<p><\/p>\n","protected":false},"excerpt":{"rendered":"<p>Harjun Laulun esiintyy monenlaisissa tilaisuuksissa joko kokonaisuudessaan tai kvartettina, tuplakvartettina tai muun kokoisena lauluyhtyeen\u00e4. Ohjelmisto valitaan tilaajan toivomuksen mukaan tilaisuuteen sopivaksi. Lauluyhtyeen saa esiintym\u00e4\u00e4n joustavasti ja lyhyell\u00e4kin varoitusajalla. 1990-luvun alkupuolelta toiminnassa olleen lauluyhtye Ihantolan nimi tulee kahvila- ja n\u00e4k\u00f6tornipaviljongista, joka &hellip; <a href=\"https:\/\/harjunlaulu.fi\/?page_id=1273\">Lue loppuun <span class=\"meta-nav\">&rarr;<\/span><\/a><\/p>\n","protected":false},"author":1,"featured_media":0,"parent":0,"menu_order":0,"comment_status":"closed","ping_status":"closed","template":"","meta":{"footnotes":""},"class_list":["post-1273","page","type-page","status-publish","hentry"],"_links":{"self":[{"href":"https:\/\/harjunlaulu.fi\/index.php?rest_route=\/wp\/v2\/pages\/1273","targetHints":{"allow":["GET"]}}],"collection":[{"href":"https:\/\/harjunlaulu.fi\/index.php?rest_route=\/wp\/v2\/pages"}],"about":[{"href":"https:\/\/harjunlaulu.fi\/index.php?rest_route=\/wp\/v2\/types\/page"}],"author":[{"embeddable":true,"href":"https:\/\/harjunlaulu.fi\/index.php?rest_route=\/wp\/v2\/users\/1"}],"replies":[{"embeddable":true,"href":"https:\/\/harjunlaulu.fi\/index.php?rest_route=%2Fwp%2Fv2%2Fcomments&post=1273"}],"version-history":[{"count":2,"href":"https:\/\/harjunlaulu.fi\/index.php?rest_route=\/wp\/v2\/pages\/1273\/revisions"}],"predecessor-version":[{"id":1276,"href":"https:\/\/harjunlaulu.fi\/index.php?rest_route=\/wp\/v2\/pages\/1273\/revisions\/1276"}],"wp:attachment":[{"href":"https:\/\/harjunlaulu.fi\/index.php?rest_route=%2Fwp%2Fv2%2Fmedia&parent=1273"}],"curies":[{"name":"wp","href":"https:\/\/api.w.org\/{rel}","templated":true}]}}