{"id":1264,"date":"2019-09-19T10:02:18","date_gmt":"2019-09-19T07:02:18","guid":{"rendered":"https:\/\/harjunlaulu.fi\/?page_id=1264"},"modified":"2019-09-24T13:40:15","modified_gmt":"2019-09-24T10:40:15","slug":"yhteislaulun-voimaa","status":"publish","type":"page","link":"https:\/\/harjunlaulu.fi\/?page_id=1264","title":{"rendered":"Yhteislaulun voimaa"},"content":{"rendered":"<p class=\"western\"><span style=\"font-family: Arial, serif;\"><b>Laulatusryhm\u00e4<\/b><\/span><\/p>\n<p class=\"western\"><span style=\"font-family: Arial, serif;\">Yhteislaululevyt ja kuorolaisista koostuva yleens\u00e4 noin kymmenen hengen laulatusryhm\u00e4 on ainutlaatuinen kokonaisuus. Laulatusryhm\u00e4 her\u00e4ttelee laulamista muutamalla esityksell\u00e4, jonka j\u00e4lkeen \u00e4\u00e4nite ja sanavihot antavat tukea yhteislaululle yhdess\u00e4 kuorolaisten kanssa. <\/span><\/p>\n<p class=\"western\"><span style=\"font-family: Arial, serif;\">Yhteislauluun aktivoivia \u201dlaulatuskeikkoja\u201d on tehty yli kymmenen vuoden aikana useissa kymmeniss\u00e4 palveluasumisen ja p\u00e4iv\u00e4toiminnan keskuksissa ymp\u00e4ri Suomen. Toimintaa on viety useita kertoja Tukholman alueen suomalaisten ik\u00e4\u00e4ntyneiden iloksi, ja vuonna 2019 toteutui ensimm\u00e4inen laulatuskeikka Fuengirolassa Espanjassa.<\/span><\/p>\n<p class=\"western\"><span style=\"font-family: Arial, serif;\">Matti ja Liisa Siipola ovat t\u00e4rke\u00e4 taustavoima sek\u00e4 laulatustilaisuuksien ett\u00e4 niit\u00e4 tukevien yhteislaululevyjen toteutuksessa. Toiminnan taustalla on ajatus suomalaisesta lauluperinteest\u00e4 kansallisomaisuutena, joka s\u00e4ilyy ja kasvaa korkoa vain laulamalla perheiss\u00e4, perhejuhlissa, j\u00e4rjest\u00f6iss\u00e4 ja tapahtumissa. <\/span><\/p>\n<p class=\"western\"><span style=\"font-family: Arial, serif;\"><b>Yhteislaulun \u00e4\u00e4nitteet<\/b><\/span><\/p>\n<p class=\"western\"><span style=\"font-family: Arial, serif;\">Yhteislaulujen \u00e4\u00e4nitteiss\u00e4 on otettu huomioon yhteislauluun sopiva s\u00e4velkorkeus ja kaikissa lauluissa on s\u00e4estys pianolla, kitaralla tai harmonikalla. S\u00e4estyksen, isolla fontilla painetun sanavihon ja laulatusryhm\u00e4n tuella jokainen yhteislauluun osallistuja saa vahvan tunteen laulamisesta mukana isommassa joukossa. <\/span><\/p>\n<p class=\"western\"><span style=\"font-family: Arial, serif;\">Ensimm\u00e4iselle levylle valittiin 30 ns. kansakoululaulua ja muutama vanha iskelm\u00e4.. Toisella levyll\u00e4 on mukana iskelmi\u00e4, valsseja ja tangoja sek\u00e4 tuttuja kansanlauluja ja laulelmia menneilt\u00e4 vuosikymmenilt\u00e4.<\/span><\/p>\n<p class=\"western\"><span style=\"font-family: Arial, serif;\"><b>Laulamisen ilot ja hy\u00f6dyt<\/b><\/span><\/p>\n<p class=\"western\"><span style=\"font-family: Arial, serif;\">Kuorossa laulamisen iloja ja hy\u00f6tyj\u00e4 on tutkittu Jyv\u00e4skyl\u00e4n yliopistossa ja monissa muissa tutkimuslaitoksissa. Yhdess\u00e4 laulaminen antaa yhteis\u00f6llisyytens\u00e4 vuoksi vahvan hyvinvoinnin tunteen ja laulaminen aktivoi laaja-alaisesti kaikenik\u00e4isill\u00e4 aivojen hermoverkkoja. <\/span><\/p>\n<p class=\"western\"><span style=\"font-family: Arial, serif;\">Laulaminen on yksi luonteva stressihormonien v\u00e4hent\u00e4j\u00e4, samaan tapaan kuin esimerkiksi luonnossa liikkuminen, ja laulu tarjoaa siten keholle ja mielelle t\u00e4rke\u00e4n lepotauon tieto\u00e4hkyn ja kiireen kuormittamaan el\u00e4m\u00e4\u00e4n. <\/span><\/p>\n<p class=\"western\"><span style=\"font-family: Arial, serif;\">Osa yhteislaulun tuomasta hyvinvoinnista perustuu mielen ja kehon keskittyneeseen k\u00e4ytt\u00f6\u00f6n, joka vaatii irrottautumisen ty\u00f6- ja muista huolista. Lis\u00e4ksi laulamiseen kuuluu luonnollisesti syv\u00e4 hengitys, joka sek\u00e4 hapettaa aivoja ett\u00e4 tukee rentoutumista.<\/span><\/p>\n<p class=\"western\"><span style=\"font-family: Arial, serif;\">Yhdess\u00e4 laulaminen on pienimuotoisenakin aina virkist\u00e4v\u00e4\u00e4 ja tervehdytt\u00e4v\u00e4\u00e4 ja se toimii erinomaisesti ik\u00e4\u00e4ntyneiden palvelutaloissa ja sairaaloissa. Vaikka toimintakyvyss\u00e4 olisi voimakkaita alenemia, auttaa tuttujen laulujen laulaminen, ja jo niiden tapailu yhdess\u00e4 muiden kanssa, her\u00e4tt\u00e4m\u00e4\u00e4n muistoja ja mielikuvia sek\u00e4 aktivoimaan kanssak\u00e4ymist\u00e4 ja yhteenkuuluvuutta.<\/span><\/p>\n","protected":false},"excerpt":{"rendered":"<p>Laulatusryhm\u00e4 Yhteislaululevyt ja kuorolaisista koostuva yleens\u00e4 noin kymmenen hengen laulatusryhm\u00e4 on ainutlaatuinen kokonaisuus. Laulatusryhm\u00e4 her\u00e4ttelee laulamista muutamalla esityksell\u00e4, jonka j\u00e4lkeen \u00e4\u00e4nite ja sanavihot antavat tukea yhteislaululle yhdess\u00e4 kuorolaisten kanssa. Yhteislauluun aktivoivia \u201dlaulatuskeikkoja\u201d on tehty yli kymmenen vuoden aikana useissa kymmeniss\u00e4 &hellip; <a href=\"https:\/\/harjunlaulu.fi\/?page_id=1264\">Lue loppuun <span class=\"meta-nav\">&rarr;<\/span><\/a><\/p>\n","protected":false},"author":1,"featured_media":0,"parent":0,"menu_order":0,"comment_status":"closed","ping_status":"closed","template":"","meta":{"footnotes":""},"class_list":["post-1264","page","type-page","status-publish","hentry"],"_links":{"self":[{"href":"https:\/\/harjunlaulu.fi\/index.php?rest_route=\/wp\/v2\/pages\/1264","targetHints":{"allow":["GET"]}}],"collection":[{"href":"https:\/\/harjunlaulu.fi\/index.php?rest_route=\/wp\/v2\/pages"}],"about":[{"href":"https:\/\/harjunlaulu.fi\/index.php?rest_route=\/wp\/v2\/types\/page"}],"author":[{"embeddable":true,"href":"https:\/\/harjunlaulu.fi\/index.php?rest_route=\/wp\/v2\/users\/1"}],"replies":[{"embeddable":true,"href":"https:\/\/harjunlaulu.fi\/index.php?rest_route=%2Fwp%2Fv2%2Fcomments&post=1264"}],"version-history":[{"count":2,"href":"https:\/\/harjunlaulu.fi\/index.php?rest_route=\/wp\/v2\/pages\/1264\/revisions"}],"predecessor-version":[{"id":1285,"href":"https:\/\/harjunlaulu.fi\/index.php?rest_route=\/wp\/v2\/pages\/1264\/revisions\/1285"}],"wp:attachment":[{"href":"https:\/\/harjunlaulu.fi\/index.php?rest_route=%2Fwp%2Fv2%2Fmedia&parent=1264"}],"curies":[{"name":"wp","href":"https:\/\/api.w.org\/{rel}","templated":true}]}}