{"id":121,"date":"2013-10-07T21:24:40","date_gmt":"2013-10-07T18:24:40","guid":{"rendered":"http:\/\/harjunlaulu.fi\/?page_id=121"},"modified":"2015-10-18T13:30:00","modified_gmt":"2015-10-18T10:30:00","slug":"laulukaudet-2010-2012","status":"publish","type":"page","link":"https:\/\/harjunlaulu.fi\/?page_id=121","title":{"rendered":"Laulukaudet 2010-2012"},"content":{"rendered":"<p><strong>Tapahtumia laulukaudella 2011 \u2013 2012<\/strong><\/p>\n<p>9.6. \u2013 10.6.2012 Kuopion laulujuhlat<\/p>\n<p>9.5.2012 kev\u00e4tkonsertti yhdess\u00e4 Salonkiorkesterin kanssa, JAMK, Hannikaissali<\/p>\n<p>22.12.2011 Jyv\u00e4skyl\u00e4n ammattiopisto, kauppa ja palvelut -yksikk\u00f6, joulujuhla<\/p>\n<p>12.12.2011 joulukonsertti Keltinm\u00e4en kirkossa yhdess\u00e4 Salonkiorkesterin kanssa<\/p>\n<p>9.10.2011 Laulusta voimaa, Harjun laulu laulaa ja laulattaa, vanhusten viikon tapahtuma<\/p>\n<p>1.10.2011 Sekakuorop\u00e4iv\u00e4t Jyv\u00e4skyl\u00e4ss\u00e4, yhteiskonsertti yliopisto, Musica<\/p>\n<p><strong>Tapahtumia laulukaudella 2010 \u2013 2011<\/strong><\/p>\n<p>9.6.2011 Rintamaveteraanien liittojuhla, Syd\u00e4n-Laukaan koulu;<\/p>\n<p>12.5.2011 Kev\u00e4tkonsertti Jyv\u00e4skyl\u00e4n ortodoksinen kirkko<\/p>\n<p>3.4.2011 Jumalanpalveluskuorona Keltinm\u00e4en kirkossa<\/p>\n<p>22.12.2010 Jyv\u00e4skyl\u00e4n ammattiopisto, kauppa ja palvelut -yksikk\u00f6<\/p>\n<p>21.12.2010 joulukonsertti Keltinm\u00e4en kirkko yhdess\u00e4 Salonkiorkesterin kanssa<\/p>\n<p>Konserttimatka Espanjaan viikolla 42<\/p>\n<p>19.102010 kirkkokonsertti Los Boliches, Fuengirola<\/p>\n<p>18.10.2010 konsertti Kymppipaikka, Torremolinos<\/p>\n<p>17.10.2010 jumalanpalveluskuorona Los Bolichesin kirkko<\/p>\n","protected":false},"excerpt":{"rendered":"<p>Tapahtumia laulukaudella 2011 \u2013 2012 9.6. \u2013 10.6.2012 Kuopion laulujuhlat 9.5.2012 kev\u00e4tkonsertti yhdess\u00e4 Salonkiorkesterin kanssa, JAMK, Hannikaissali 22.12.2011 Jyv\u00e4skyl\u00e4n ammattiopisto, kauppa ja palvelut -yksikk\u00f6, joulujuhla 12.12.2011 joulukonsertti Keltinm\u00e4en kirkossa yhdess\u00e4 Salonkiorkesterin kanssa 9.10.2011 Laulusta voimaa, Harjun laulu laulaa ja laulattaa, &hellip; <a href=\"https:\/\/harjunlaulu.fi\/?page_id=121\">Lue loppuun <span class=\"meta-nav\">&rarr;<\/span><\/a><\/p>\n","protected":false},"author":1,"featured_media":0,"parent":0,"menu_order":29,"comment_status":"closed","ping_status":"closed","template":"","meta":{"footnotes":""},"class_list":["post-121","page","type-page","status-publish","hentry"],"_links":{"self":[{"href":"https:\/\/harjunlaulu.fi\/index.php?rest_route=\/wp\/v2\/pages\/121","targetHints":{"allow":["GET"]}}],"collection":[{"href":"https:\/\/harjunlaulu.fi\/index.php?rest_route=\/wp\/v2\/pages"}],"about":[{"href":"https:\/\/harjunlaulu.fi\/index.php?rest_route=\/wp\/v2\/types\/page"}],"author":[{"embeddable":true,"href":"https:\/\/harjunlaulu.fi\/index.php?rest_route=\/wp\/v2\/users\/1"}],"replies":[{"embeddable":true,"href":"https:\/\/harjunlaulu.fi\/index.php?rest_route=%2Fwp%2Fv2%2Fcomments&post=121"}],"version-history":[{"count":1,"href":"https:\/\/harjunlaulu.fi\/index.php?rest_route=\/wp\/v2\/pages\/121\/revisions"}],"predecessor-version":[{"id":122,"href":"https:\/\/harjunlaulu.fi\/index.php?rest_route=\/wp\/v2\/pages\/121\/revisions\/122"}],"wp:attachment":[{"href":"https:\/\/harjunlaulu.fi\/index.php?rest_route=%2Fwp%2Fv2%2Fmedia&parent=121"}],"curies":[{"name":"wp","href":"https:\/\/api.w.org\/{rel}","templated":true}]}}